{"id":1368,"date":"2024-09-26T08:12:52","date_gmt":"2024-09-26T06:12:52","guid":{"rendered":"https:\/\/hyltepaper.se\/?page_id=1368"},"modified":"2024-12-03T07:51:08","modified_gmt":"2024-12-03T06:51:08","slug":"formular-for-visselblasning-hylte-paper-ab","status":"publish","type":"page","link":"https:\/\/hyltepaper.se\/en\/formular-for-visselblasning-hylte-paper-ab\/","title":{"rendered":"Whistleblowing Hylte Paper AB"},"content":{"rendered":"\n<h2 class=\"wp-block-heading\"><strong>Visselbl\u00e5sarpolicy<\/strong>&nbsp;<\/h2>\n\n\n\n<p>Denna policy ska vara till hj\u00e4lp f\u00f6r den som har anledning att rapportera information om missf\u00f6rh\u00e5llanden av allm\u00e4nintresse genom att denne skall k\u00e4nna sig trygg att g\u00f6ra s\u00e5 utan att hindras, riskera repressalier eller h\u00e5llas ansvarig f\u00f6r att exempelvis ha \u00e5sidosatt tystnadsplikten.\u00a0\u00a0<br><br>Med visselbl\u00e5sning menas i denna policy att\u00a0den som har anledning rapporterar information om missf\u00f6rh\u00e5llanden inom f\u00f6retagets verksamhet d\u00e4r det finns ett allm\u00e4nintresse av att det kommer fram. \u00a0\u00a0<br>Visselbl\u00e5sningen kan \u00e4ven avse missf\u00f6rh\u00e5llanden i annan verksamhet som medarbetaren genom sitt arbete hos oss f\u00e5tt k\u00e4nnedom om exempelvis allvarliga missf\u00f6rh\u00e5llanden hos en kund eller en leverant\u00f6r och d\u00e4r det finns ett allm\u00e4nintresse att det synligg\u00f6rs.\u00a0<br>Alla avsl\u00f6janden om missf\u00f6rh\u00e5llanden, som det finns ett allm\u00e4nintresse av att det kommer fram, ska hanteras p\u00e5 ett r\u00e4ttvist och korrekt s\u00e4tt.\u00a0<br><strong>Visselbl\u00e5sarpolicyn i sin helhet finner du h\u00e4r. <a href=\"https:\/\/hyltepaper.se\/wp-content\/uploads\/2024\/12\/Visselblasarpolicy_Hylte_Paper_AB_SWE.pdf\">Svensk<\/a><\/strong>, <strong><a href=\"https:\/\/hyltepaper.se\/wp-content\/uploads\/2024\/12\/Visselblasarpolicy_Hylte_Paper_AB_ENG.pdf\">Engelsk<\/a><\/strong><br>\u00a0<br>Det skydd som rapporterande person f\u00e5r \u00e4r det samma som f\u00f6ljer av visselbl\u00e5sarlagen. Ingen inskr\u00e4nkning eller utvidgning avses i policyn.\u00a0\u00a0<br><br>Vi efterstr\u00e4var en kultur d\u00e4r alla medarbetare v\u00e5gar och vill framf\u00f6ra sina \u00e5sikter och att det f\u00f6rs en dialog i f\u00f6retaget om eventuella problem som uppkommer i verksamheten. \u00c4ven om det inte \u00e4r fr\u00e5ga om missf\u00f6rh\u00e5llanden av s\u00e5dan art som leder till rapportering i enlighet med denna policy, uppmuntrar vi samtliga medarbetare att ta upp eventuella problem som de upplever inom organisationen. I f\u00f6rsta hand ska medarbetare v\u00e4nda sig till ansvarig chef. \u00a0\u00a0<br><br>Du kan \u00e4ven v\u00e4nda dig till din fackliga organisation eller externt till relevant myndighet.\u00a0<br><br><strong>Vad h\u00e4nder efter jag har skickat in min anm\u00e4lan?<\/strong>\u00a0<br>\u00a0Efter du har skickat in din anm\u00e4lan kommer den att skickas vidare till f\u00f6retagets \u00e4gare, VD och HR-chef.\u00a0<\/p>\n\n\n\n<hr class=\"wp-block-separator has-alpha-channel-opacity\"\/>\n\n\n\n<h2 class=\"wp-block-heading\">Formul\u00e4r<\/h2>\n\n\n<div class=\"wpforms-container wpforms-container-full wpforms-block wpforms-block-66b7fb8f-0036-45c7-a440-cd77bf5bfda3 wpforms-render-modern\" id=\"wpforms-1348\"><form id=\"wpforms-form-1348\" class=\"wpforms-validate wpforms-form wpforms-ajax-form\" data-formid=\"1348\" method=\"post\" enctype=\"multipart\/form-data\" action=\"\/en\/wp-json\/wp\/v2\/pages\/1368\" data-token=\"2dbf7de8e2f278ad257e89a4a8b313a3\" data-token-time=\"1777379433\"><noscript class=\"wpforms-error-noscript\">Please enable JavaScript in your browser to complete this form.<\/noscript><div id=\"wpforms-error-noscript\" style=\"display: none;\">Please enable JavaScript in your browser to complete this form.<\/div><div class=\"wpforms-field-container\"><div id=\"wpforms-1348-field_3-container\" class=\"wpforms-field wpforms-field-textarea\" data-field-id=\"3\"><label class=\"wpforms-field-label\" for=\"wpforms-1348-field_3\">Beskriv de missf\u00f6rh\u00e5llande du vill anm\u00e4la.<\/label><textarea id=\"wpforms-1348-field_3\" class=\"wpforms-field-medium\" name=\"wpforms[fields][3]\" aria-errormessage=\"wpforms-1348-field_3-error\" aria-describedby=\"wpforms-1348-field_3-description\" ><\/textarea><div id=\"wpforms-1348-field_3-description\" class=\"wpforms-field-description\">Ange s\u00e5 detaljerad information som m\u00f6jligt fr\u00e5n dina iakttagelser, vilken typ av missf\u00f6rh\u00e5llande av allm\u00e4nintresse det r\u00f6r sig om och n\u00e4r, var och hur m\u00e5nga g\u00e5nger iakttagelserna intr\u00e4ffat.<\/div><\/div><div id=\"wpforms-1348-field_12-container\" class=\"wpforms-field wpforms-field-text\" data-field-id=\"12\"><label class=\"wpforms-field-label\" for=\"wpforms-1348-field_12\">Vad, vem eller vilka?<\/label><input type=\"text\" id=\"wpforms-1348-field_12\" class=\"wpforms-field-medium\" name=\"wpforms[fields][12]\" aria-errormessage=\"wpforms-1348-field_12-error\" aria-describedby=\"wpforms-1348-field_12-description\" ><div id=\"wpforms-1348-field_12-description\" class=\"wpforms-field-description\">Ange vad, vem eller vilka iakttagelserna g\u00e4ller.<\/div><\/div>\t\t<div id=\"wpforms-1348-field_4-container\"\n\t\t\tclass=\"wpforms-field wpforms-field-text\"\n\t\t\tdata-field-type=\"text\"\n\t\t\tdata-field-id=\"4\"\n\t\t\t>\n\t\t\t<label class=\"wpforms-field-label\" for=\"wpforms-1348-field_4\" >eller obligatoriskt) obligatoriskt)<\/label>\n\t\t\t<input type=\"text\" id=\"wpforms-1348-field_4\" class=\"wpforms-field-medium\" name=\"wpforms[fields][4]\" >\n\t\t<\/div>\n\t\t<div id=\"wpforms-1348-field_1-container\" class=\"wpforms-field wpforms-field-name\" data-field-id=\"1\"><fieldset><legend class=\"wpforms-field-label\">Namn (ej obligatoriskt)<\/legend><div class=\"wpforms-field-row wpforms-field-medium\"><div class=\"wpforms-field-row-block wpforms-first wpforms-one-half\"><input type=\"text\" id=\"wpforms-1348-field_1\" class=\"wpforms-field-name-first\" name=\"wpforms[fields][1][first]\" placeholder=\"F\u00f6rnamn\" aria-errormessage=\"wpforms-1348-field_1-error\" aria-describedby=\"wpforms-1348-field_1-description\" ><label for=\"wpforms-1348-field_1\" class=\"wpforms-field-sublabel after\">First<\/label><\/div><div class=\"wpforms-field-row-block wpforms-one-half\"><input type=\"text\" id=\"wpforms-1348-field_1-last\" class=\"wpforms-field-name-last\" name=\"wpforms[fields][1][last]\" placeholder=\"Efternamn\" aria-errormessage=\"wpforms-1348-field_1-last-error\" aria-describedby=\"wpforms-1348-field_1-description\" ><label for=\"wpforms-1348-field_1-last\" class=\"wpforms-field-sublabel after\">Last<\/label><\/div><\/div><div id=\"wpforms-1348-field_1-description\" class=\"wpforms-field-description\">Vi rekommenderar att du l\u00e4mnar dina kontaktuppgifter f\u00f6r uppf\u00f6ljning av anm\u00e4lan och f\u00f6r att f\u00f6retaget ska ha m\u00f6jlighet att st\u00e4lla kompletterande fr\u00e5gor. Du har r\u00e4tt enligt lag att vara anonym och skyddas av visselbl\u00e5sarlagen.<\/div><\/fieldset><\/div><div id=\"wpforms-1348-field_2-container\" class=\"wpforms-field wpforms-field-email\" data-field-id=\"2\"><label class=\"wpforms-field-label\" for=\"wpforms-1348-field_2\">E-post (ej obligatoriskt)<\/label><input type=\"email\" id=\"wpforms-1348-field_2\" class=\"wpforms-field-medium\" name=\"wpforms[fields][2]\" spellcheck=\"false\" aria-errormessage=\"wpforms-1348-field_2-error\" ><\/div><div id=\"wpforms-1348-field_13-container\" class=\"wpforms-field wpforms-field-number\" data-field-id=\"13\"><label class=\"wpforms-field-label\" for=\"wpforms-1348-field_13\">Mobiltelefon (ej obligatoriskt)<\/label><input type=\"number\" id=\"wpforms-1348-field_13\" class=\"wpforms-field-medium\" name=\"wpforms[fields][13]\" step=\"any\" aria-errormessage=\"wpforms-1348-field_13-error\" ><\/div><script>\n\t\t\t\t( function() {\n\t\t\t\t\tconst style = document.createElement( 'style' );\n\t\t\t\t\tstyle.appendChild( document.createTextNode( '#wpforms-1348-field_4-container { position: absolute !important; overflow: hidden !important; display: inline !important; height: 1px !important; width: 1px !important; z-index: -1000 !important; padding: 0 !important; } #wpforms-1348-field_4-container input { visibility: hidden; } #wpforms-conversational-form-page #wpforms-1348-field_4-container label { counter-increment: none; }' ) );\n\t\t\t\t\tdocument.head.appendChild( style );\n\t\t\t\t\tdocument.currentScript?.remove();\n\t\t\t\t} )();\n\t\t\t<\/script><\/div><!-- .wpforms-field-container --><div class=\"wpforms-recaptcha-container wpforms-is-recaptcha wpforms-is-recaptcha-type-v2\" ><div class=\"g-recaptcha\" data-sitekey=\"6LePBjgqAAAAAHv8Yz8YBFdKolHlql5VTpln-DeC\"><\/div><input type=\"text\" name=\"g-recaptcha-hidden\" class=\"wpforms-recaptcha-hidden\" style=\"position:absolute!important;clip:rect(0,0,0,0)!important;height:1px!important;width:1px!important;border:0!important;overflow:hidden!important;padding:0!important;margin:0!important;\" data-rule-recaptcha=\"1\"><\/div><div class=\"wpforms-submit-container\" ><input type=\"hidden\" name=\"wpforms[id]\" value=\"1348\"><input type=\"hidden\" name=\"page_title\" value=\"\"><input type=\"hidden\" name=\"page_url\" value=\"https:\/\/hyltepaper.se\/en\/wp-json\/wp\/v2\/pages\/1368\"><input type=\"hidden\" name=\"url_referer\" value=\"\"><button type=\"submit\" name=\"wpforms[submit]\" id=\"wpforms-submit-1348\" class=\"wpforms-submit\" data-alt-text=\"Skickar \u2026\" data-submit-text=\"Skicka\" aria-live=\"assertive\" value=\"wpforms-submit\">Skicka<\/button><img loading=\"lazy\" decoding=\"async\" src=\"https:\/\/hyltepaper.se\/wp-content\/plugins\/wpforms-lite\/assets\/images\/submit-spin.svg\" class=\"wpforms-submit-spinner\" style=\"display: none;\" width=\"26\" height=\"26\" alt=\"Loading\"><\/div><\/form><\/div>  <!-- .wpforms-container -->\n\n\n<p><\/p>\n","protected":false},"excerpt":{"rendered":"<p>Visselbl\u00e5sarpolicy&nbsp; Denna policy ska vara till hj\u00e4lp f\u00f6r den som har anledning att rapportera information om missf\u00f6rh\u00e5llanden av allm\u00e4nintresse genom att denne skall k\u00e4nna sig trygg att g\u00f6ra s\u00e5 utan att hindras, riskera repressalier eller h\u00e5llas ansvarig f\u00f6r att exempelvis ha \u00e5sidosatt tystnadsplikten.\u00a0\u00a0 Med visselbl\u00e5sning menas i denna policy att\u00a0den som har anledning rapporterar information [&hellip;]<\/p>\n","protected":false},"author":8,"featured_media":0,"parent":0,"menu_order":0,"comment_status":"closed","ping_status":"closed","template":"","meta":{"footnotes":""},"class_list":["post-1368","page","type-page","status-publish","hentry"],"jetpack_sharing_enabled":true,"_links":{"self":[{"href":"https:\/\/hyltepaper.se\/en\/wp-json\/wp\/v2\/pages\/1368","targetHints":{"allow":["GET"]}}],"collection":[{"href":"https:\/\/hyltepaper.se\/en\/wp-json\/wp\/v2\/pages"}],"about":[{"href":"https:\/\/hyltepaper.se\/en\/wp-json\/wp\/v2\/types\/page"}],"author":[{"embeddable":true,"href":"https:\/\/hyltepaper.se\/en\/wp-json\/wp\/v2\/users\/8"}],"replies":[{"embeddable":true,"href":"https:\/\/hyltepaper.se\/en\/wp-json\/wp\/v2\/comments?post=1368"}],"version-history":[{"count":13,"href":"https:\/\/hyltepaper.se\/en\/wp-json\/wp\/v2\/pages\/1368\/revisions"}],"predecessor-version":[{"id":1499,"href":"https:\/\/hyltepaper.se\/en\/wp-json\/wp\/v2\/pages\/1368\/revisions\/1499"}],"wp:attachment":[{"href":"https:\/\/hyltepaper.se\/en\/wp-json\/wp\/v2\/media?parent=1368"}],"curies":[{"name":"wp","href":"https:\/\/api.w.org\/{rel}","templated":true}]}}