{"id":204,"date":"2023-03-07T16:09:23","date_gmt":"2023-03-07T15:09:23","guid":{"rendered":"https:\/\/hyltepaper.se\/?page_id=204"},"modified":"2025-10-06T11:03:37","modified_gmt":"2025-10-06T09:03:37","slug":"om-oss","status":"publish","type":"page","link":"https:\/\/hyltepaper.se\/en\/om-oss\/","title":{"rendered":"About us"},"content":{"rendered":"<h1>Om oss<\/h1>\n<blockquote>\n<p style=\"text-align: left;\">Hylte Bruk \u00e4r ett premium pappersbruk med v\u00e4rldsledande kvalitet och en produktionskapacitet p\u00e5 245 000 ton.<\/p>\n<\/blockquote>\n<h2>Hylte Paper<\/h2>\n<div>\n<p>Hylte Paper i Hyltebruk \u00e4r ett pappersbruk med v\u00e4rldsledande kvalitet och en produktionskapacitet p\u00e5 245 000 ton. Bruket grundades 1907 och har en l\u00e5ng och stolt historia inom pappersindustrin.<\/p>\n<p>Idag \u00e4r bruket en av de mest moderna och milj\u00f6v\u00e4nliga pappersproducenterna i v\u00e4rlden. Pappersbruket har genomg\u00e5tt m\u00e5nga f\u00f6r\u00e4ndringar och moderniseringar under \u00e5ren f\u00f6r att \u00f6ka sin produktivitet och effektivitet. Idag producerar man h\u00f6gkvalitativt tidningspapper med olika egenskaper, Hylte News, Hylte Book och Hylte Attract.<\/p>\n<\/div>\n<h2>Historia<\/h2>\n<div>\n<p>1907 p\u00e5b\u00f6rjades bildandet av pappersbruket Hyltebruks AB och tv\u00e5 \u00e5r senare var bruket redo att tas i drift. Runt pappersbruket i Halland v\u00e4xte samh\u00e4llet Hyltebruk fram i takt med att bruket skapade arbetstillf\u00e4llen.<\/p>\n<p>Under de f\u00f6rsta \u00e5ren producerade Hylte Bruk fr\u00e4mst tidningspapper och kartong. Fabriken utvecklades och moderniserades successivt under \u00e5ren, och p\u00e5 1920-talet b\u00f6rjade man producera h\u00f6gkvalitativt papper f\u00f6r boktryck och konsttryck. Under andra v\u00e4rldskriget tillverkade Hylte Bruk \u00e4ven en del specialpapper f\u00f6r milit\u00e4ra \u00e4ndam\u00e5l.<\/p>\n<p>Stora investeringar gjordes under 1970- och 1980-talen och man startade flera nya pappersmaskiner. P\u00e51990-talet genomgick Hylte Bruk en omfattande modernisering och automatisering, vilket ledde till \u00f6kad produktivitet och effektivitet som gjorde att man blev v\u00e4rldens st\u00f6rsta tidningspappersbruk.<\/p>\n<p>Under 2010-talet minskade efterfr\u00e5gan p\u00e5 papper och man valde att minska kapaciteten genom att st\u00e4nga ner tv\u00e5 pappersmaskiner.<\/p>\n<p>2023 k\u00f6pte Sweden Timber upp Hylte Bruk fr\u00e5n Stora Enso. Idag har vi en pappersmaskin i drift och \u00e4r ca 270 anst\u00e4llda. Detta g\u00f6r Hylte Paper till en av de st\u00f6rsta privata arbetsgivarna i Hylte kommun. Med sin kapacitet p\u00e5 245 000 ton \u00e4r man fortsatt ett av v\u00e4rldens ledande pappersbruk och kommer forts\u00e4tta s\u00e5 fram\u00e5t!<\/p>\n<\/div>\n<h2>Tillverkningsprocessen<\/h2>\n<div>\n<p>I Hylte Bruk tillverkas papper fr\u00e5n TMP-massa. Massan tillverkas fr\u00e5n s\u00e5gverksflis och massaved som mals till flis.<\/p>\n<p>Flisen behandlas i en raffin\u00f6r f\u00f6r att f\u00e5 fram TMP-massa.<\/p>\n<p>Massan behandlas sedan genom avvattning, pressning och torkning f\u00f6r att bli papper. Det f\u00e4rdiga pappret f\u00f6rpackas p\u00e5 rullar som distribueras f\u00f6r anv\u00e4ndning i tryck hos v\u00e5ra kunder.<\/p>\n<\/div>\n<h2>Papper fr\u00e5n ett h\u00e5llbart skogsbruk<\/h2>\n<div>\n<p><span>F\u00f6r oss \u00e4r det en sj\u00e4lvklarhet att v\u00e4rna om milj\u00f6n och att v\u00e5r r\u00e5vara kommer fr\u00e5n ansvarsfullt brukade skogar. Vi v\u00e4rnar om ansvarsfull hantering av skogarna, socialt ansvar och h\u00e5llbara produktionsmetoder. <\/span><\/p>\n<p><span>Att v\u00e4lja v\u00e5rt papper \u00e4r ett enkelt s\u00e4tt att g\u00f6ra ett medvetet val f\u00f6r milj\u00f6n! Vi \u00e4r certifierade enligt ISO 14001.<\/p>\n<p><a href=\"https:\/\/hyltepaper.se\/wp-content\/uploads\/2025\/10\/Policy-for-sustainable-wood-raw-materials.pdf\">\u2013 Policy f\u00f6r h\u00e5llbara tr\u00e4r\u00e5varor<\/a><br \/><\/span><\/p>\n<\/div>\n<p><img decoding=\"async\" src=\"\/wp-content\/uploads\/2024\/03\/fsc-webb.png\" alt=\"\"><\/p>\n<h2>Hylte Paper \u2013 en del av Sweden Timber<\/h2>\n<div>\n<p>Hylte Paper \u00e4r en del av Sweden Timber som producerar och s\u00e4ljer tr\u00e4varor till byggindustri och tr\u00e4varuhandel \u00f6ver hela v\u00e4rlden. <\/p>\n<p>L\u00e4s mer om v\u00e5ra systerf\u00f6retag p\u00e5 <strong><a href=\"http:\/\/www.swedentimber.se\" target=\"_blank\" rel=\"noopener\">www.swedentimber.se<\/a><\/strong><\/p>\n<\/div>\n<h2>Woodcomposites \u2013 en del av Sweden Timber<\/h2>\n<div>\n<div class=\"uk-panel uk-margin uk-width-xlarge uk-margin-auto uk-scrollspy-inview \" data-id=\"page#6-1-1-1\" uk-scrollspy-class=\"\">\n<p>Woodcomposites \u00e4r ett innovativt s\u00e4tt att ers\u00e4tta plaster. Granulaten best\u00e5r av en kombination av polymerer och FSC\u00ae-certifierat nordiskt tr\u00e4material.<\/p>\n<p>L\u00e4s mer om v\u00e5rt systerf\u00f6retag p\u00e5 <a href=\"http:\/\/www.woodcomposites.se\" target=\"_blank\" rel=\"noopener\" class=\"customize-unpreviewable\"><strong>www.woodcomposites.se<\/strong><\/a>.<strong><\/strong><\/p>\n<\/div>\n<\/div>\n<p><!--more--><br \/>\n<!-- {\"type\":\"layout\",\"children\":[{\"type\":\"section\",\"props\":{\"header_transparent\":true,\"header_transparent_noplaceholder\":true,\"height\":\"viewport\",\"height_viewport\":50,\"image\":\"wp-content\\\/uploads\\\/2023\\\/03\\\/iStock-1439131655.jpg\",\"image_effect\":\"parallax\",\"image_loading\":true,\"image_parallax_bgy\":\"-5vh,4vh\",\"image_parallax_easing\":\"1\",\"image_position\":\"top-center\",\"image_size\":\"cover\",\"image_width\":\"2560\",\"padding\":\"large\",\"padding_remove_bottom\":false,\"padding_remove_top\":false,\"style\":\"default\",\"text_color\":\"light\",\"title_breakpoint\":\"xl\",\"title_position\":\"top-left\",\"title_rotation\":\"left\",\"vertical_align\":\"middle\",\"video_width\":\"2560\",\"width\":\"large\"},\"children\":[{\"type\":\"row\",\"props\":{\"margin\":\"remove-vertical\"},\"children\":[{\"type\":\"column\",\"props\":{\"image_position\":\"center-center\",\"position_sticky_breakpoint\":\"m\",\"width_medium\":\"1-1\"},\"children\":[{\"type\":\"headline\",\"props\":{\"block_align\":\"center\",\"content\":\"Om oss\",\"margin_remove_top\":true,\"maxwidth\":\"2xlarge\",\"text_align\":\"center\",\"title_element\":\"h1\",\"title_style\":\"heading-medium\"}}]}]}],\"name\":\"Hero undersida\"},{\"type\":\"section\",\"props\":{\"image_position\":\"center-center\",\"padding\":\"large\",\"style\":\"default\",\"title_breakpoint\":\"xl\",\"title_position\":\"top-left\",\"title_rotation\":\"left\",\"vertical_align\":\"\",\"width\":\"default\"},\"children\":[{\"type\":\"row\",\"props\":{\"margin_remove_bottom\":false},\"children\":[{\"type\":\"column\",\"props\":{\"image_position\":\"center-center\",\"position_sticky_breakpoint\":\"m\"},\"children\":[{\"type\":\"quotation\",\"props\":{\"content\":\"\n\n<p style=\\\"text-align: left;\\\">Hylte Bruk \\u00e4r ett premium pappersbruk med v\\u00e4rldsledande kvalitet och en produktionskapacitet p\\u00e5 245 000 ton.<\\\/p>\"}}]}]}],\"name\":\"Kort intro\"},{\"name\":\"om oss\",\"type\":\"section\",\"props\":{\"animation_delay\":false,\"height_viewport\":80,\"image_position\":\"center-center\",\"padding\":\"large\",\"padding_remove_bottom\":true,\"padding_remove_top\":true,\"style\":\"default\",\"title_breakpoint\":\"xl\",\"title_position\":\"top-left\",\"title_rotation\":\"left\",\"vertical_align\":\"\",\"width\":\"\"},\"children\":[{\"type\":\"row\",\"props\":{\"column_gap\":\"collapse\",\"height\":\"viewport\",\"height_viewport\":80,\"layout\":\"1-2,1-2\",\"margin_remove_bottom\":false,\"margin_remove_top\":false,\"row_gap\":\"collapse\"},\"children\":[{\"type\":\"column\",\"props\":{\"css\":\".el-column {min-height:300px;}\",\"image\":\"wp-content\\\/uploads\\\/2023\\\/05\\\/Nytt-flygfoto-20051209-scaled-8a00ecc2.webp\",\"image_loading\":false,\"image_position\":\"center-right\",\"image_size\":\"cover\",\"order_first\":\"l\",\"padding\":\"large\",\"position_sticky_breakpoint\":\"m\",\"style\":\"tile-primary\",\"vertical_align\":\"middle\",\"width_medium\":\"1-2\"}},{\"type\":\"column\",\"props\":{\"image_loading\":false,\"image_position\":\"bottom-center\",\"image_size\":\"cover\",\"padding\":\"large\",\"position_sticky_breakpoint\":\"m\",\"style\":\"tile-secondary\",\"vertical_align\":\"middle\",\"width_medium\":\"1-2\"},\"children\":[{\"type\":\"headline\",\"props\":{\"block_align\":\"center\",\"content\":\"Hylte Paper\",\"maxwidth\":\"large\",\"title_element\":\"h2\"}},{\"type\":\"text\",\"props\":{\"block_align\":\"center\",\"column_breakpoint\":\"m\",\"content\":\"\n\n<p>Hylte Paper i Hyltebruk \\u00e4r ett pappersbruk med v\\u00e4rldsledande kvalitet och en produktionskapacitet p\\u00e5 245 000 ton. Bruket grundades 1907 och har en l\\u00e5ng och stolt historia inom pappersindustrin.<\\\/p>\\n\n\n<p>Idag \\u00e4r bruket en av de mest moderna och milj\\u00f6v\\u00e4nliga pappersproducenterna i v\\u00e4rlden. Pappersbruket har genomg\\u00e5tt m\\u00e5nga f\\u00f6r\\u00e4ndringar och moderniseringar under \\u00e5ren f\\u00f6r att \\u00f6ka sin produktivitet och effektivitet. Idag producerar man h\\u00f6gkvalitativt tidningspapper med olika egenskaper, Hylte News, Hylte Book och Hylte Attract.<\\\/p>\",\"margin\":\"\",\"maxwidth\":\"large\"}}]}]}]},{\"name\":\"historia\",\"type\":\"section\",\"props\":{\"animation_delay\":false,\"height_viewport\":80,\"image_position\":\"center-center\",\"padding\":\"large\",\"padding_remove_bottom\":true,\"padding_remove_top\":true,\"style\":\"default\",\"title_breakpoint\":\"xl\",\"title_position\":\"top-left\",\"title_rotation\":\"left\",\"vertical_align\":\"\",\"width\":\"\"},\"children\":[{\"type\":\"row\",\"props\":{\"column_gap\":\"collapse\",\"layout\":\"1-2,1-2\",\"margin_remove_bottom\":false,\"margin_remove_top\":false,\"row_gap\":\"collapse\"},\"children\":[{\"type\":\"column\",\"props\":{\"css\":\".el-column {min-height:300px;}\",\"image\":\"wp-content\\\/uploads\\\/2023\\\/03\\\/Gamla-Hylte.jpg\",\"image_loading\":false,\"image_position\":\"center-center\",\"image_size\":\"cover\",\"padding\":\"large\",\"position_sticky_breakpoint\":\"m\",\"style\":\"tile-primary\",\"vertical_align\":\"middle\",\"width_medium\":\"1-2\"}},{\"type\":\"column\",\"props\":{\"image_loading\":false,\"image_position\":\"bottom-center\",\"image_size\":\"cover\",\"order_first\":\"l\",\"padding\":\"large\",\"position_sticky_breakpoint\":\"m\",\"style\":\"tile-primary\",\"vertical_align\":\"middle\",\"width_medium\":\"1-2\"},\"children\":[{\"type\":\"headline\",\"props\":{\"block_align\":\"center\",\"content\":\"Historia\",\"maxwidth\":\"large\",\"title_element\":\"h2\"}},{\"type\":\"text\",\"props\":{\"block_align\":\"center\",\"column_breakpoint\":\"m\",\"content\":\"\n\n<p>1907 p\\u00e5b\\u00f6rjades bildandet av pappersbruket Hyltebruks AB och tv\\u00e5 \\u00e5r senare var bruket redo att tas i drift. Runt pappersbruket i Halland v\\u00e4xte samh\\u00e4llet Hyltebruk fram i takt med att bruket skapade arbetstillf\\u00e4llen.<\\\/p>\\n\n\n<p>Under de f\\u00f6rsta \\u00e5ren producerade Hylte Bruk fr\\u00e4mst tidningspapper och kartong. Fabriken utvecklades och moderniserades successivt under \\u00e5ren, och p\\u00e5 1920-talet b\\u00f6rjade man producera h\\u00f6gkvalitativt papper f\\u00f6r boktryck och konsttryck. Under andra v\\u00e4rldskriget tillverkade Hylte Bruk \\u00e4ven en del specialpapper f\\u00f6r milit\\u00e4ra \\u00e4ndam\\u00e5l.<\\\/p>\\n\n\n<p>Stora investeringar gjordes under 1970- och 1980-talen och man startade flera nya pappersmaskiner. P\\u00e51990-talet genomgick Hylte Bruk en omfattande modernisering och automatisering, vilket ledde till \\u00f6kad produktivitet och effektivitet som gjorde att man blev v\\u00e4rldens st\\u00f6rsta tidningspappersbruk.<\\\/p>\\n\n\n<p>Under 2010-talet minskade efterfr\\u00e5gan p\\u00e5 papper och man valde att minska kapaciteten genom att st\\u00e4nga ner tv\\u00e5 pappersmaskiner.<\\\/p>\\n\n\n<p>2023 k\\u00f6pte Sweden Timber upp Hylte Bruk fr\\u00e5n Stora Enso. Idag har vi en pappersmaskin i drift och \\u00e4r ca 270 anst\\u00e4llda. Detta g\\u00f6r Hylte Paper till en av de st\\u00f6rsta privata arbetsgivarna i Hylte kommun. Med sin kapacitet p\\u00e5 245 000 ton \\u00e4r man fortsatt ett av v\\u00e4rldens ledande pappersbruk och kommer forts\\u00e4tta s\\u00e5 fram\\u00e5t!<\\\/p>\",\"margin\":\"\",\"maxwidth\":\"large\"}}]}]}]},{\"name\":\"tillverkning\",\"type\":\"section\",\"props\":{\"animation_delay\":false,\"image_position\":\"center-center\",\"padding\":\"small\",\"padding_remove_bottom\":true,\"padding_remove_top\":true,\"style\":\"default\",\"title_breakpoint\":\"xl\",\"title_position\":\"top-left\",\"title_rotation\":\"left\",\"vertical_align\":\"\",\"width\":\"\"},\"children\":[{\"type\":\"row\",\"props\":{\"column_gap\":\"collapse\",\"height\":\"viewport\",\"height_viewport\":80,\"layout\":\"1-2,1-2\",\"margin_remove_bottom\":false,\"margin_remove_top\":false,\"row_gap\":\"collapse\"},\"children\":[{\"type\":\"column\",\"props\":{\"css\":\".el-column {min-height:300px;}\",\"image\":\"wp-content\\\/uploads\\\/2023\\\/03\\\/Produktionsprocess-Hylte.jpg\",\"image_position\":\"center-center\",\"image_size\":\"height-1-1\",\"padding\":\"large\",\"position_sticky_breakpoint\":\"m\",\"vertical_align\":\"middle\",\"width_medium\":\"1-2\"}},{\"type\":\"column\",\"props\":{\"image_position\":\"center-center\",\"padding\":\"large\",\"position_sticky_breakpoint\":\"m\",\"style\":\"tile-secondary\",\"vertical_align\":\"middle\",\"width_medium\":\"1-2\"},\"children\":[{\"type\":\"headline\",\"props\":{\"block_align\":\"center\",\"content\":\"Tillverkningsprocessen\",\"maxwidth\":\"large\",\"title_element\":\"h2\"}},{\"type\":\"text\",\"props\":{\"block_align\":\"center\",\"column_breakpoint\":\"m\",\"content\":\"\n\n<p>I Hylte Bruk tillverkas papper fr\\u00e5n TMP-massa. Massan tillverkas fr\\u00e5n s\\u00e5gverksflis och massaved som mals till flis.<\\\/p>\\n\n\n<p>Flisen behandlas i en raffin\\u00f6r f\\u00f6r att f\\u00e5 fram TMP-massa.<\\\/p>\\n\n\n<p>Massan behandlas sedan genom avvattning, pressning och torkning f\\u00f6r att bli papper. Det f\\u00e4rdiga pappret f\\u00f6rpackas p\\u00e5 rullar som distribueras f\\u00f6r anv\\u00e4ndning i tryck hos v\\u00e5ra kunder.<\\\/p>\",\"margin\":\"\",\"maxwidth\":\"large\"}}]}]}]},{\"name\":\"milj\\u00f6\",\"type\":\"section\",\"props\":{\"animation_delay\":false,\"image_position\":\"center-center\",\"overlap\":false,\"padding\":\"small\",\"padding_remove_bottom\":true,\"padding_remove_top\":true,\"style\":\"default\",\"title_breakpoint\":\"xl\",\"title_position\":\"top-left\",\"title_rotation\":\"left\",\"vertical_align\":\"\",\"width\":\"\"},\"children\":[{\"type\":\"row\",\"props\":{\"column_gap\":\"collapse\",\"height\":\"viewport\",\"height_viewport\":80,\"layout\":\"1-2,1-2\",\"margin_remove_bottom\":false,\"margin_remove_top\":false,\"row_gap\":\"collapse\"},\"children\":[{\"type\":\"column\",\"props\":{\"css\":\".el-column {min-height:300px;}\",\"image\":\"wp-content\\\/uploads\\\/2023\\\/08\\\/skog.jpg\",\"image_position\":\"center-center\",\"image_size\":\"cover\",\"order_first\":\"l\",\"padding\":\"large\",\"position_sticky_breakpoint\":\"m\",\"vertical_align\":\"middle\",\"width_medium\":\"1-2\"}},{\"type\":\"column\",\"props\":{\"image_position\":\"center-center\",\"padding\":\"large\",\"position_sticky_breakpoint\":\"m\",\"style\":\"tile-muted\",\"vertical_align\":\"middle\",\"width_medium\":\"1-2\"},\"children\":[{\"type\":\"headline\",\"props\":{\"block_align\":\"center\",\"content\":\"Papper fr\\u00e5n ett h\\u00e5llbart skogsbruk\",\"maxwidth\":\"large\",\"title_element\":\"h2\"}},{\"type\":\"text\",\"props\":{\"block_align\":\"center\",\"column_breakpoint\":\"m\",\"content\":\"\n\n<p><span>F\\u00f6r oss \\u00e4r det en sj\\u00e4lvklarhet att v\\u00e4rna om milj\\u00f6n och att v\\u00e5r r\\u00e5vara kommer fr\\u00e5n ansvarsfullt brukade skogar. Vi v\\u00e4rnar om ansvarsfull hantering av skogarna, socialt ansvar och h\\u00e5llbara produktionsmetoder. <\\\/span><\\\/p>\\n\n\n<p><span>Att v\\u00e4lja v\\u00e5rt papper \\u00e4r ett enkelt s\\u00e4tt att g\\u00f6ra ett medvetet val f\\u00f6r milj\\u00f6n! Vi \\u00e4r certifierade enligt ISO 14001.<br \\\/><br \\\/><a href=\\\"https:\\\/\\\/hyltepaper.se\\\/wp-content\\\/uploads\\\/2025\\\/10\\\/Policy-for-sustainable-wood-raw-materials.pdf\\\">\\u2013 Policy f\\u00f6r h\\u00e5llbara tr\\u00e4r\\u00e5varor<\\\/a><br \\\/><\\\/span><\\\/p>\",\"margin\":\"\",\"margin_remove_bottom\":false,\"margin_remove_top\":true,\"maxwidth\":\"large\"}},{\"type\":\"image\",\"props\":{\"height_expand\":false,\"image\":\"wp-content\\\/uploads\\\/2024\\\/03\\\/fsc-webb.png\",\"image_height\":130,\"image_svg_color\":\"emphasis\",\"margin\":\"default\",\"margin_remove_bottom\":true,\"margin_remove_top\":false,\"text_align\":\"center\"}}]}]}]},{\"name\":\"systerbolag\",\"type\":\"section\",\"props\":{\"animation_delay\":false,\"image_position\":\"center-center\",\"padding_remove_bottom\":true,\"padding_remove_top\":true,\"style\":\"default\",\"title_breakpoint\":\"xl\",\"title_position\":\"top-left\",\"title_rotation\":\"left\",\"vertical_align\":\"\",\"width\":\"\"},\"children\":[{\"type\":\"row\",\"props\":{\"column_gap\":\"collapse\",\"height_viewport\":50,\"layout\":\"1-2,1-2\",\"margin_remove_bottom\":false,\"margin_remove_top\":false,\"row_gap\":\"collapse\"},\"children\":[{\"type\":\"column\",\"props\":{\"css\":\".el-column {min-height:300px;}\",\"image\":\"wp-content\\\/uploads\\\/2023\\\/04\\\/sweden-timber-bild.jpg\",\"image_position\":\"center-center\",\"image_size\":\"contain\",\"order_first\":\"l\",\"padding\":\"large\",\"position_sticky_breakpoint\":\"m\",\"vertical_align\":\"middle\",\"width_medium\":\"1-2\"}},{\"type\":\"column\",\"props\":{\"image_position\":\"center-center\",\"padding\":\"large\",\"position_sticky_breakpoint\":\"m\",\"style\":\"tile-secondary\",\"vertical_align\":\"middle\",\"width_medium\":\"1-2\"},\"children\":[{\"type\":\"headline\",\"props\":{\"block_align\":\"center\",\"content\":\"Hylte Paper \\u2013 en del av Sweden Timber\",\"maxwidth\":\"large\",\"title_element\":\"h2\"}},{\"type\":\"text\",\"props\":{\"block_align\":\"center\",\"column_breakpoint\":\"m\",\"content\":\"\n\n<p>Hylte Paper \\u00e4r en del av Sweden Timber som producerar och s\\u00e4ljer tr\\u00e4varor till byggindustri och tr\\u00e4varuhandel \\u00f6ver hela v\\u00e4rlden. <\\\/p>\\n\n\n<p>L\\u00e4s mer om v\\u00e5ra systerf\\u00f6retag p\\u00e5 <strong><a href=\\\"http:\\\/\\\/www.swedentimber.se\\\" target=\\\"_blank\\\" rel=\\\"noopener\\\">www.swedentimber.se<\\\/a><\\\/strong><\\\/p>\",\"margin\":\"\",\"maxwidth\":\"large\"}}]}]},{\"type\":\"row\",\"props\":{\"column_gap\":\"collapse\",\"height_viewport\":50,\"layout\":\"1-2,1-2\",\"margin_remove_bottom\":false,\"margin_remove_top\":false,\"row_gap\":\"collapse\"},\"children\":[{\"type\":\"column\",\"props\":{\"css\":\".el-column {min-height:300px;}\",\"image\":\"wp-content\\\/uploads\\\/2024\\\/02\\\/Granules-in-hands-8311-scaled.jpg\",\"image_position\":\"center-center\",\"image_size\":\"cover\",\"padding\":\"large\",\"position_sticky_breakpoint\":\"m\",\"vertical_align\":\"middle\",\"width_medium\":\"1-2\"}},{\"type\":\"column\",\"props\":{\"image_position\":\"center-center\",\"order_first\":\"l\",\"padding\":\"large\",\"position_sticky_breakpoint\":\"m\",\"style\":\"tile-secondary\",\"vertical_align\":\"middle\",\"width_medium\":\"1-2\"},\"children\":[{\"type\":\"headline\",\"props\":{\"block_align\":\"center\",\"content\":\"Woodcomposites \\u2013 en del av Sweden Timber\",\"maxwidth\":\"large\",\"title_element\":\"h2\"}},{\"type\":\"text\",\"props\":{\"block_align\":\"center\",\"column_breakpoint\":\"m\",\"content\":\"\n\n<div class=\\\"uk-panel uk-margin uk-width-xlarge uk-margin-auto uk-scrollspy-inview \\\" data-id=\\\"page#6-1-1-1\\\" uk-scrollspy-class=\\\"\\\">\\n\n\n<p>Woodcomposites \\u00e4r ett innovativt s\\u00e4tt att ers\\u00e4tta plaster. Granulaten best\\u00e5r av en kombination av polymerer och FSC\\u00ae-certifierat nordiskt tr\\u00e4material.<\\\/p>\\n\n\n<p>L\\u00e4s mer om v\\u00e5rt systerf\\u00f6retag p\\u00e5 <a href=\\\"http:\\\/\\\/www.woodcomposites.se\\\" target=\\\"_blank\\\" rel=\\\"noopener\\\" class=\\\"customize-unpreviewable\\\"><strong>www.woodcomposites.se<\\\/strong><\\\/a>.<strong><\\\/strong><\\\/p>\\n<\\\/div>\",\"margin\":\"\",\"maxwidth\":\"large\"}}]}]}]},{\"name\":\"Orange - kontaktpersoner\",\"type\":\"section\",\"props\":{\"animation_delay\":false,\"image_position\":\"center-center\",\"padding\":\"small\",\"padding_remove_bottom\":true,\"padding_remove_top\":true,\"status\":\"disabled\",\"style\":\"default\",\"title_breakpoint\":\"xl\",\"title_position\":\"top-left\",\"title_rotation\":\"left\",\"vertical_align\":\"\",\"width\":\"\"},\"children\":[{\"type\":\"row\",\"props\":{\"column_gap\":\"collapse\",\"layout\":\"1-2,1-2\",\"margin_remove_bottom\":false,\"margin_remove_top\":false,\"row_gap\":\"small\"},\"children\":[{\"type\":\"column\",\"props\":{\"image_position\":\"center-center\",\"image_size\":\"cover\",\"padding\":\"large\",\"position_sticky_breakpoint\":\"m\",\"style\":\"tile-primary\",\"vertical_align\":\"middle\",\"width_medium\":\"1-2\"},\"children\":[{\"type\":\"headline\",\"props\":{\"content\":\"Ledning\",\"title_element\":\"h1\"}},{\"type\":\"accordion\",\"props\":{\"collapsible\":true,\"content_column_breakpoint\":\"m\",\"image_align\":\"top\",\"image_grid_breakpoint\":\"m\",\"image_grid_width\":\"1-2\",\"image_svg_color\":\"emphasis\",\"link_style\":\"default\",\"link_text\":\"Read more\",\"show_image\":true,\"show_link\":true},\"children\":[{\"type\":\"accordion_item\",\"props\":{\"content\":\"\n\n<p>VD<\\\/p>\",\"title\":\"VD\"}},{\"type\":\"accordion_item\",\"props\":{\"content\":\"\n\n<p>S\\u00e4ljchef<\\\/p>\",\"title\":\"S\\u00e4ljchef\"}},{\"type\":\"accordion_item\",\"props\":{\"content\":\"\n\n<p>Produktchef<\\\/p>\",\"title\":\"Produktchef\"}}]}]},{\"type\":\"column\",\"props\":{\"image_position\":\"center-center\",\"position_sticky_breakpoint\":\"m\",\"style\":\"tile-primary\",\"width_medium\":\"1-2\"}}]}]},{\"type\":\"section\",\"props\":{\"height\":\"viewport\",\"height_viewport\":70,\"image\":\"wp-content\\\/uploads\\\/2023\\\/03\\\/Hylte-kva\\u2560ell-2-scaled.jpg\",\"image_position\":\"center-center\",\"padding_remove_bottom\":true,\"padding_remove_top\":true,\"style\":\"default\",\"title_breakpoint\":\"xl\",\"title_position\":\"top-left\",\"title_rotation\":\"left\",\"vertical_align\":\"middle\",\"width\":\"default\"},\"children\":[{\"type\":\"row\",\"children\":[{\"type\":\"column\",\"props\":{\"image_position\":\"center-center\",\"position_sticky_breakpoint\":\"m\"}}]}],\"name\":\"bild\"}],\"version\":\"4.5.28\"} --><\/p>\n","protected":false},"excerpt":{"rendered":"<p>Om oss Hylte Bruk \u00e4r ett premium pappersbruk med v\u00e4rldsledande kvalitet och en produktionskapacitet p\u00e5 245 000 ton. Hylte Paper Hylte Paper i Hyltebruk \u00e4r ett pappersbruk med v\u00e4rldsledande kvalitet och en produktionskapacitet p\u00e5 245 000 ton. Bruket grundades 1907 och har en l\u00e5ng och stolt historia inom pappersindustrin. Idag \u00e4r bruket en av de [&hellip;]<\/p>\n","protected":false},"author":1,"featured_media":0,"parent":0,"menu_order":0,"comment_status":"closed","ping_status":"closed","template":"","meta":{"footnotes":""},"class_list":["post-204","page","type-page","status-publish","hentry"],"jetpack_sharing_enabled":true,"_links":{"self":[{"href":"https:\/\/hyltepaper.se\/en\/wp-json\/wp\/v2\/pages\/204","targetHints":{"allow":["GET"]}}],"collection":[{"href":"https:\/\/hyltepaper.se\/en\/wp-json\/wp\/v2\/pages"}],"about":[{"href":"https:\/\/hyltepaper.se\/en\/wp-json\/wp\/v2\/types\/page"}],"author":[{"embeddable":true,"href":"https:\/\/hyltepaper.se\/en\/wp-json\/wp\/v2\/users\/1"}],"replies":[{"embeddable":true,"href":"https:\/\/hyltepaper.se\/en\/wp-json\/wp\/v2\/comments?post=204"}],"version-history":[{"count":142,"href":"https:\/\/hyltepaper.se\/en\/wp-json\/wp\/v2\/pages\/204\/revisions"}],"predecessor-version":[{"id":1559,"href":"https:\/\/hyltepaper.se\/en\/wp-json\/wp\/v2\/pages\/204\/revisions\/1559"}],"wp:attachment":[{"href":"https:\/\/hyltepaper.se\/en\/wp-json\/wp\/v2\/media?parent=204"}],"curies":[{"name":"wp","href":"https:\/\/api.w.org\/{rel}","templated":true}]}}