{"id":249,"date":"2023-03-13T16:19:23","date_gmt":"2023-03-13T15:19:23","guid":{"rendered":"https:\/\/hyltepaper.se\/?page_id=249"},"modified":"2025-04-04T11:15:10","modified_gmt":"2025-04-04T09:15:10","slug":"lediga-tjanster","status":"publish","type":"page","link":"https:\/\/hyltepaper.se\/en\/lediga-tjanster\/","title":{"rendered":"Available positions"},"content":{"rendered":"<h1>Karri\u00e4r<\/h1>\n<blockquote>\n<div class=\"uk-panel uk-margin\">\n<p>Hylte Bruk har en stor verksamhet med m\u00e5nga olika arbetsomr\u00e5den. Vi \u00e4r ett h\u00e4rligt team och vi v\u00e4lkomnar alltid nya kompetenta medarbetare. S\u00f6k ditt n\u00e4sta jobb hos oss!<\/p>\n<\/div>\n<\/blockquote>\n<h1>V\u00e5ra lediga jobb just nu<\/h1>\n<div>\n<p>    <script id=\"careerportal\" src=https:\/\/app.workspacerecruit.com\/api\/publish\/portal\/js\/8e536c90-8142-11ed-b857-25993f699f51><\/script>\n<\/div>\n<h2>Vad kan vi locka dig med?<\/h2>\n<div>\n<p>Hos oss f\u00e5r du utvecklas och bli en del av ett h\u00e4rligt och stort team av medarbetare! Vi erbjuder bland annat friskv\u00e5rdsbidrag, en god och s\u00e4ker arbetsmilj\u00f6 och subventionerad massage.<\/p>\n<p>Vill du bli en av oss? Klicka p\u00e5 knappen f\u00f6r att se vilka tj\u00e4nster vi s\u00f6ker just nu!<\/p>\n<\/div>\n<h2>\n<p class=\"mb-4 text-4xl text-center font-company-header text-block-title\" data-controller=\"fit-title\"><span class=\"textFitted\">Exjobb, uppsatsskrivande eller praktik?<\/span><\/p>\n<\/h2>\n<div>\n<div class=\"sv-text-portlet sv-use-margins\" id=\"svid12_7fd35d7f166c56ebe0bac25\">\n<div class=\"sv-text-portlet-content\">\n<p class=\"sv-font-lead\">Exjobb, uppsatsskrivande och praktik \u00e4r viktiga s\u00e4tt f\u00f6r Hylte Paper att rekrytera framtida medarbetare och hitta v\u00e5ra blivande experter. Kanske \u00e4r du en av dem?<\/p>\n<\/div>\n<p>Tveka inte att klicka p\u00e5 knappen f\u00f6r att dela dina f\u00f6rslag, tankar och id\u00e9er med oss!<\/p>\n<\/div>\n<\/div>\n<p><p>\n        <a href=\"mailto:hylte.personal@hyltepaper.com\">Ans\u00f6k h\u00e4r<\/a>\n    <\/p>\n<\/p>\n<h2>H\u00e4r finns vi<\/h2>\n<div>\n<p>Hylte Paper pappersbruk ligger i Hylte kommun i Hallands l\u00e4n. Pappersbruket \u00e4r bel\u00e4get vid \u00e5n Nissan och det \u00e4r en stor arbetsgivare i regionen.<\/p>\n<\/div>\n<p><p>\n        <a href=\"https:\/\/www.google.com\/maps\/place\/Stora+Enso+Hylte+Coop\/@56.9980145,13.2264665,16z\/data=!4m10!1m2!2m1!1spappersbruk+n%C3%A4ra+Hyltebruk,+Sverige!3m6!1s0x465055a36587e719:0xef4c0f340a76657b!8m2!3d56.9980145!4d13.2352212!15sCiRwYXBwZXJzYnJ1ayBuw6RyYSBIeWx0ZWJydWssIFN2ZXJpZ2WSAQxtYW51ZmFjdHVyZXLgAQA!16s%2Fg%2F11hb48mg3l\">Hitta hit<\/a>\n    <\/p>\n<\/p>\n<h2><a href=\"#\">Kontakta HR-avdelning<\/a><\/h2>\n<p><p>\n        <a href=\"mailto:hylte.personal@hyltepaper.com\">hylte.personal@hyltepaper.com<\/a>\n    <\/p>\n<\/p>\n<p><!--more--><br \/>\n<!-- {\"type\":\"layout\",\"children\":[{\"type\":\"section\",\"props\":{\"header_transparent\":true,\"header_transparent_noplaceholder\":true,\"height\":\"viewport\",\"height_viewport\":50,\"image\":\"wp-content\\\/uploads\\\/2023\\\/03\\\/iStock-1439131655.jpg\",\"image_loading\":true,\"image_parallax_bgy\":\"-5vh,4vh\",\"image_parallax_easing\":\"1\",\"image_position\":\"top-center\",\"image_size\":\"cover\",\"image_width\":\"2560\",\"padding\":\"large\",\"padding_remove_bottom\":false,\"padding_remove_top\":false,\"style\":\"default\",\"text_color\":\"light\",\"title_breakpoint\":\"xl\",\"title_position\":\"top-left\",\"title_rotation\":\"left\",\"vertical_align\":\"middle\",\"video_width\":\"2560\",\"width\":\"large\"},\"children\":[{\"type\":\"row\",\"props\":{\"margin\":\"remove-vertical\"},\"children\":[{\"type\":\"column\",\"props\":{\"image_position\":\"center-center\",\"position_sticky_breakpoint\":\"m\",\"width_medium\":\"1-1\"},\"children\":[{\"type\":\"headline\",\"props\":{\"block_align\":\"center\",\"content\":\"Karri\\u00e4r\",\"margin_remove_top\":true,\"maxwidth\":\"2xlarge\",\"text_align\":\"center\",\"title_element\":\"h1\",\"title_style\":\"heading-medium\"}}]}]}],\"name\":\"Hero undersida\"},{\"type\":\"section\",\"props\":{\"image_position\":\"center-center\",\"padding\":\"large\",\"padding_remove_bottom\":true,\"padding_remove_top\":false,\"style\":\"default\",\"title_breakpoint\":\"xl\",\"title_position\":\"top-left\",\"title_rotation\":\"left\",\"vertical_align\":\"\",\"width\":\"default\"},\"children\":[{\"type\":\"row\",\"props\":{\"margin_remove_bottom\":false},\"children\":[{\"type\":\"column\",\"props\":{\"image_position\":\"center-center\",\"position_sticky_breakpoint\":\"m\"},\"children\":[{\"type\":\"quotation\",\"props\":{\"content\":\"\n\n<div class=\\\"uk-panel uk-margin\\\">\\n\n\n<p>Hylte Bruk har en stor verksamhet med m\\u00e5nga olika arbetsomr\\u00e5den. Vi \\u00e4r ett h\\u00e4rligt team och vi v\\u00e4lkomnar alltid nya kompetenta medarbetare. S\\u00f6k ditt n\\u00e4sta jobb hos oss!<\\\/p>\\n<\\\/div>\"}}]}]}],\"name\":\"Kort intro\"},{\"type\":\"section\",\"props\":{\"image_position\":\"center-center\",\"image_size\":\"cover\",\"padding_remove_bottom\":true,\"padding_remove_top\":true,\"style\":\"default\",\"title_breakpoint\":\"xl\",\"title_position\":\"top-left\",\"title_rotation\":\"left\",\"vertical_align\":\"\",\"width\":\"default\"},\"children\":[{\"type\":\"row\",\"children\":[{\"type\":\"column\",\"props\":{\"image_position\":\"center-center\",\"position_sticky_breakpoint\":\"m\",\"style\":\"tile-default\"},\"children\":[{\"type\":\"headline\",\"props\":{\"content\":\"V\\u00e5ra lediga jobb just nu\",\"margin\":\"medium\",\"margin_remove_bottom\":true,\"text_align\":\"center\",\"title_color\":\"secondary\",\"title_element\":\"h1\"}},{\"type\":\"html\",\"props\":{\"content\":\"<script id=\\\"careerportal\\\" src=https:\\\/\\\/app.workspacerecruit.com\\\/api\\\/publish\\\/portal\\\/js\\\/8e536c90-8142-11ed-b857-25993f699f51><\\\/script>\"}}]}]}],\"name\":\"lediga jobb - loading\"},{\"name\":\"vad kan vi locka med?\",\"type\":\"section\",\"props\":{\"animation_delay\":false,\"image_position\":\"center-center\",\"padding\":\"small\",\"padding_remove_bottom\":true,\"padding_remove_top\":true,\"style\":\"default\",\"title_breakpoint\":\"xl\",\"title_position\":\"top-left\",\"title_rotation\":\"left\",\"vertical_align\":\"\",\"width\":\"\"},\"children\":[{\"type\":\"row\",\"props\":{\"column_gap\":\"collapse\",\"height\":\"viewport\",\"height_viewport\":80,\"layout\":\"1-2,1-2\",\"margin_remove_bottom\":false,\"margin_remove_top\":false,\"row_gap\":\"collapse\"},\"children\":[{\"type\":\"column\",\"props\":{\"image\":\"wp-content\\\/uploads\\\/2023\\\/03\\\/team.jpeg\",\"image_position\":\"center-left\",\"image_size\":\"cover\",\"padding\":\"large\",\"position_sticky_breakpoint\":\"m\",\"style\":\"tile-primary\",\"vertical_align\":\"middle\",\"width_medium\":\"1-2\"}},{\"type\":\"column\",\"props\":{\"image_loading\":false,\"image_position\":\"bottom-center\",\"image_size\":\"cover\",\"order_first\":\"l\",\"padding\":\"large\",\"position_sticky_breakpoint\":\"m\",\"style\":\"tile-secondary\",\"vertical_align\":\"middle\",\"width_medium\":\"1-2\"},\"children\":[{\"type\":\"headline\",\"props\":{\"block_align\":\"center\",\"content\":\"Vad kan vi locka dig med?\",\"maxwidth\":\"large\",\"title_element\":\"h2\"}},{\"type\":\"text\",\"props\":{\"block_align\":\"center\",\"column_breakpoint\":\"m\",\"content\":\"\n\n<p>Hos oss f\\u00e5r du utvecklas och bli en del av ett h\\u00e4rligt och stort team av medarbetare! Vi erbjuder bland annat friskv\\u00e5rdsbidrag, en god och s\\u00e4ker arbetsmilj\\u00f6 och subventionerad massage.<\\\/p>\\n\n\n<p>Vill du bli en av oss? Klicka p\\u00e5 knappen f\\u00f6r att se vilka tj\\u00e4nster vi s\\u00f6ker just nu!<\\\/p>\",\"margin\":\"\",\"maxwidth\":\"large\"}}]}]}]},{\"name\":\"praktik\\\/exjobb\",\"type\":\"section\",\"props\":{\"animation_delay\":false,\"image_position\":\"center-center\",\"padding\":\"small\",\"padding_remove_bottom\":true,\"padding_remove_top\":true,\"style\":\"default\",\"title_breakpoint\":\"xl\",\"title_position\":\"top-left\",\"title_rotation\":\"left\",\"vertical_align\":\"\",\"width\":\"\"},\"children\":[{\"type\":\"row\",\"props\":{\"column_gap\":\"collapse\",\"height\":\"viewport\",\"height_viewport\":80,\"layout\":\"1-2,1-2\",\"margin_remove_bottom\":false,\"margin_remove_top\":false,\"row_gap\":\"collapse\"},\"children\":[{\"type\":\"column\",\"props\":{\"image\":\"wp-content\\\/uploads\\\/2023\\\/03\\\/iStock-966521024.jpg\",\"image_position\":\"center-center\",\"image_size\":\"cover\",\"padding\":\"large\",\"position_sticky_breakpoint\":\"m\",\"style\":\"tile-primary\",\"vertical_align\":\"middle\",\"width_medium\":\"1-2\"}},{\"type\":\"column\",\"props\":{\"image_loading\":false,\"image_position\":\"bottom-center\",\"image_size\":\"cover\",\"order_first\":\"l\",\"padding\":\"large\",\"position_sticky_breakpoint\":\"m\",\"style\":\"tile-primary\",\"vertical_align\":\"middle\",\"width_medium\":\"1-2\"},\"children\":[{\"type\":\"headline\",\"props\":{\"block_align\":\"center\",\"content\":\"\n\n<p class=\\\"mb-4 text-4xl text-center font-company-header text-block-title\\\" data-controller=\\\"fit-title\\\"><span class=\\\"textFitted\\\">Exjobb, uppsatsskrivande eller praktik?<\\\/span><\\\/p>\",\"maxwidth\":\"large\",\"title_element\":\"h2\"}},{\"type\":\"text\",\"props\":{\"block_align\":\"center\",\"column_breakpoint\":\"m\",\"content\":\"\n\n<div class=\\\"sv-text-portlet sv-use-margins\\\" id=\\\"svid12_7fd35d7f166c56ebe0bac25\\\">\\n\n\n<div class=\\\"sv-text-portlet-content\\\">\\n\n\n<p class=\\\"sv-font-lead\\\">Exjobb, uppsatsskrivande och praktik \\u00e4r viktiga s\\u00e4tt f\\u00f6r Hylte Paper att rekrytera framtida medarbetare och hitta v\\u00e5ra blivande experter. Kanske \\u00e4r du en av dem?<\\\/p>\\n<\\\/div>\\n\n\n<p>Tveka inte att klicka p\\u00e5 knappen f\\u00f6r att dela dina f\\u00f6rslag, tankar och id\\u00e9er med oss!<\\\/p>\\n<\\\/div>\",\"margin\":\"\",\"maxwidth\":\"large\"}},{\"type\":\"button\",\"props\":{\"block_align\":\"center\",\"fullwidth\":false,\"grid_column_gap\":\"small\",\"grid_row_gap\":\"small\",\"margin\":\"medium\",\"maxwidth\":\"large\"},\"children\":[{\"type\":\"button_item\",\"props\":{\"button_style\":\"secondary\",\"content\":\"Ans\\u00f6k h\\u00e4r\",\"dialog_layout\":\"modal\",\"dialog_offcanvas_flip\":true,\"icon\":\"arrow-right\",\"icon_align\":\"left\",\"link\":\"mailto:hylte.personal@hyltepaper.com\"}}]}]}]}]},{\"name\":\"h\\u00e4r finns vi\",\"type\":\"section\",\"props\":{\"animation_delay\":false,\"image_position\":\"center-center\",\"padding\":\"small\",\"padding_remove_bottom\":true,\"padding_remove_top\":true,\"style\":\"default\",\"title_breakpoint\":\"xl\",\"title_position\":\"top-left\",\"title_rotation\":\"left\",\"vertical_align\":\"\",\"width\":\"\"},\"children\":[{\"type\":\"row\",\"props\":{\"column_gap\":\"collapse\",\"height\":\"viewport\",\"height_viewport\":80,\"layout\":\"1-2,1-2\",\"margin_remove_bottom\":false,\"margin_remove_top\":false,\"row_gap\":\"collapse\"},\"children\":[{\"type\":\"column\",\"props\":{\"image\":\"wp-content\\\/uploads\\\/2023\\\/03\\\/Nytt-flygfoto-20051209-scaled.jpg\",\"image_position\":\"center-center\",\"image_size\":\"cover\",\"padding\":\"large\",\"position_sticky_breakpoint\":\"m\",\"vertical_align\":\"middle\",\"width_medium\":\"1-2\"}},{\"type\":\"column\",\"props\":{\"image_position\":\"center-center\",\"padding\":\"large\",\"position_sticky_breakpoint\":\"m\",\"style\":\"tile-default\",\"vertical_align\":\"middle\",\"width_medium\":\"1-2\"},\"children\":[{\"type\":\"headline\",\"props\":{\"block_align\":\"center\",\"content\":\"H\\u00e4r finns vi\",\"maxwidth\":\"large\",\"title_element\":\"h2\"}},{\"type\":\"text\",\"props\":{\"block_align\":\"center\",\"column_breakpoint\":\"m\",\"content\":\"\n\n<p>Hylte Paper pappersbruk ligger i Hylte kommun i Hallands l\\u00e4n. Pappersbruket \\u00e4r bel\\u00e4get vid \\u00e5n Nissan och det \\u00e4r en stor arbetsgivare i regionen.<\\\/p>\",\"margin\":\"\",\"maxwidth\":\"large\"}},{\"type\":\"button\",\"props\":{\"block_align\":\"center\",\"fullwidth\":false,\"grid_column_gap\":\"small\",\"grid_row_gap\":\"small\",\"margin\":\"medium\",\"maxwidth\":\"large\"},\"children\":[{\"type\":\"button_item\",\"props\":{\"button_style\":\"primary\",\"content\":\"Hitta hit\",\"dialog_layout\":\"modal\",\"dialog_offcanvas_flip\":true,\"icon\":\"arrow-right\",\"icon_align\":\"left\",\"link\":\"https:\\\/\\\/www.google.com\\\/maps\\\/place\\\/Stora+Enso+Hylte+Coop\\\/@56.9980145,13.2264665,16z\\\/data=!4m10!1m2!2m1!1spappersbruk+n%C3%A4ra+Hyltebruk,+Sverige!3m6!1s0x465055a36587e719:0xef4c0f340a76657b!8m2!3d56.9980145!4d13.2352212!15sCiRwYXBwZXJzYnJ1ayBuw6RyYSBIeWx0ZWJydWssIFN2ZXJpZ2WSAQxtYW51ZmFjdHVyZXLgAQA!16s%2Fg%2F11hb48mg3l\",\"link_target\":\"blank\"}}]}]}]}]},{\"name\":\"contact\",\"type\":\"section\",\"props\":{\"id\":\"location\",\"image\":\"wp-content\\\/uploads\\\/2023\\\/03\\\/karta-cd7c2cc1-kopia.jpg\",\"image_effect\":\"parallax\",\"image_parallax_bgx\":\"150,150\",\"image_parallax_bgy\":\"-100,100\",\"image_parallax_easing\":\"1\",\"image_position\":\"center-right\",\"media_background\":\"#FFFFFF\",\"padding\":\"large\",\"padding_remove_bottom\":false,\"padding_remove_top\":false,\"style\":\"muted\",\"title_breakpoint\":\"xl\",\"title_position\":\"top-left\",\"title_rotation\":\"left\",\"vertical_align\":\"\",\"width\":\"xlarge\"},\"children\":[{\"type\":\"row\",\"children\":[{\"type\":\"column\",\"props\":{\"image_position\":\"center-center\",\"position_sticky_breakpoint\":\"m\"},\"children\":[{\"type\":\"headline\",\"props\":{\"animation\":\"none\",\"content\":\"Kontakta HR-avdelning\",\"link\":\"#\",\"link_style\":false,\"margin_remove_top\":false,\"parallax_breakpoint\":\"m\",\"parallax_easing\":\"1\",\"parallax_end\":\"70vh + 70%\",\"parallax_opacity\":\"0,1\",\"text_align\":\"left\",\"text_align_breakpoint\":\"m\",\"text_align_fallback\":\"center\",\"title_color\":\"secondary\",\"title_element\":\"h2\",\"title_style\":\"heading-small\"}},{\"type\":\"button\",\"props\":{\"animation\":\"none\",\"grid_column_gap\":\"small\",\"grid_row_gap\":\"small\",\"margin\":\"remove-vertical\",\"parallax_easing\":\"1\",\"parallax_end\":\"70vh + 70%\",\"parallax_opacity\":\"0,1\",\"parallax_y\":\"20,0\",\"text_align\":\"left\",\"text_align_breakpoint\":\"m\",\"text_align_fallback\":\"center\"},\"children\":[{\"type\":\"button_item\",\"props\":{\"button_style\":\"primary\",\"content\":\"hylte.personal@hyltepaper.com\",\"dialog_layout\":\"modal\",\"dialog_offcanvas_flip\":true,\"icon_align\":\"left\",\"link\":\"mailto:hylte.personal@hyltepaper.com\",\"link_target\":\"blank\"}}]}]}]}]},{\"type\":\"section\",\"props\":{\"height\":\"viewport\",\"height_viewport\":70,\"image\":\"wp-content\\\/uploads\\\/2023\\\/03\\\/Hylte-kva\\u2560ell-2-scaled.jpg\",\"image_position\":\"center-center\",\"padding_remove_bottom\":true,\"padding_remove_top\":true,\"style\":\"default\",\"title_breakpoint\":\"xl\",\"title_position\":\"top-left\",\"title_rotation\":\"left\",\"vertical_align\":\"middle\",\"width\":\"default\"},\"children\":[{\"type\":\"row\",\"children\":[{\"type\":\"column\",\"props\":{\"image_position\":\"center-center\",\"position_sticky_breakpoint\":\"m\"}}]}],\"name\":\"bild\"}],\"version\":\"4.5.12\"} --><\/p>\n","protected":false},"excerpt":{"rendered":"<p>Karri\u00e4r Hylte Bruk har en stor verksamhet med m\u00e5nga olika arbetsomr\u00e5den. Vi \u00e4r ett h\u00e4rligt team och vi v\u00e4lkomnar alltid nya kompetenta medarbetare. S\u00f6k ditt n\u00e4sta jobb hos oss! V\u00e5ra lediga jobb just nu Vad kan vi locka dig med? Hos oss f\u00e5r du utvecklas och bli en del av ett h\u00e4rligt och stort team [&hellip;]<\/p>\n","protected":false},"author":1,"featured_media":0,"parent":0,"menu_order":0,"comment_status":"closed","ping_status":"closed","template":"","meta":{"footnotes":""},"class_list":["post-249","page","type-page","status-publish","hentry"],"jetpack_sharing_enabled":true,"_links":{"self":[{"href":"https:\/\/hyltepaper.se\/en\/wp-json\/wp\/v2\/pages\/249","targetHints":{"allow":["GET"]}}],"collection":[{"href":"https:\/\/hyltepaper.se\/en\/wp-json\/wp\/v2\/pages"}],"about":[{"href":"https:\/\/hyltepaper.se\/en\/wp-json\/wp\/v2\/types\/page"}],"author":[{"embeddable":true,"href":"https:\/\/hyltepaper.se\/en\/wp-json\/wp\/v2\/users\/1"}],"replies":[{"embeddable":true,"href":"https:\/\/hyltepaper.se\/en\/wp-json\/wp\/v2\/comments?post=249"}],"version-history":[{"count":138,"href":"https:\/\/hyltepaper.se\/en\/wp-json\/wp\/v2\/pages\/249\/revisions"}],"predecessor-version":[{"id":1545,"href":"https:\/\/hyltepaper.se\/en\/wp-json\/wp\/v2\/pages\/249\/revisions\/1545"}],"wp:attachment":[{"href":"https:\/\/hyltepaper.se\/en\/wp-json\/wp\/v2\/media?parent=249"}],"curies":[{"name":"wp","href":"https:\/\/api.w.org\/{rel}","templated":true}]}}