{"id":1415,"date":"2024-10-16T13:07:27","date_gmt":"2024-10-16T11:07:27","guid":{"rendered":"https:\/\/hyltepaper.se\/?page_id=1415"},"modified":"2026-01-27T08:24:00","modified_gmt":"2026-01-27T07:24:00","slug":"hylte-copy","status":"publish","type":"page","link":"https:\/\/hyltepaper.se\/sv\/hylte-copy\/","title":{"rendered":"Hylte Copy"},"content":{"rendered":"<h1>Hylte ECO Copy<\/h1>\n<h1>Utm\u00e4rkt f\u00f6r kopiering och utskrift<\/h1>\n<blockquote>\n<p>Hylte Eco Copy \u00e4r omsorgsfullt framtaget fr\u00e5n svenska skogar med fokus p\u00e5 h\u00f6g kvalit\u00e9 och l\u00e5gt klimatavtryck. Den kr\u00e4mf\u00e4rgade designen g\u00f6r pappret mer l\u00e4sv\u00e4nlig och perfekt f\u00f6r utskrifter av textade dokument.<\/p>\n<\/blockquote>\n<hr>\n<p><video src=\"\/wp-content\/uploads\/2024\/11\/Hylte-Eco-Copy-Reklam-Video-V.8.mp4\" poster=\"\"><\/video><\/p>\n<hr>\n<h2>Om Hylte ECO Copy<\/h2>\n<ul>\n<li>\n<div>FSC m\u00e4rkt<\/div>\n<\/li>\n<li>\n<div><span>EU-ECO label<\/span><\/div>\n<\/li>\n<li>\n<div>Finns i 70gsm och 80gsm<\/div>\n<\/li>\n<\/ul>\n<hr>\n<p><p>\n        <a href=\"\/wp-content\/uploads\/2026\/01\/hylte-eco-copy.pdf\">Produktblad Hylte ECO Copy<\/a>\n    <\/p>\n<\/p>\n<h2>Anv\u00e4ndningsomr\u00e5den<\/h2>\n<ul>\n<li>\n<div>\n<p>Kopiering &amp; utskrifter av dokument<\/p>\n<\/div>\n<\/li>\n<li>\n<div>\n<p>F\u00f6r laser &amp; bl\u00e4ckstr\u00e5leskrivare<\/p>\n<\/div>\n<\/li>\n<li>\n<div>\n<p>Anteckningar<\/p>\n<\/div>\n<\/li>\n<li>\n<div>\n<p>Informationsbroschyrer &amp; flyers<\/p>\n<\/div>\n<\/li>\n<\/ul>\n<h2>Certifierat enligt ECO label &amp; FSC m\u00e4rkt<\/h2>\n<div>\n<p>Hylte Paper \u00e4r certifierat enligt ECO label. EU Ecolabel \u00e4r EU:s officiella milj\u00f6m\u00e4rke. Milj\u00f6m\u00e4rkning Sverige AB ansvarar f\u00f6r EU Ecolabel i Sverige. Produkterna granskas ur ett livscykelperspektiv fr\u00e5n r\u00e5vara till avfall. Produkterna ska uppfylla str\u00e4nga milj\u00f6-, funktions- och kvalitetskrav.\u00a0<br \/>&#8221;FSC m\u00e4rkt&#8221; betyder att vi producerar milj\u00f6certifierat papper av v\u00e4rldsledande kvalitet med r\u00e5vara fr\u00e5n ansvarsfullt brukade skogar.<\/p>\n<\/p>\n<\/div>\n<p><p>\n        <a href=\"\/wp-content\/uploads\/2023\/08\/NOR-2599-v.1.0-Policy-for-hallbar-vedravara.pdf\">Policy f\u00f6r h\u00e5llbar vedr\u00e5vara<\/a>\n    <\/p>\n<\/p>\n<h1>Vill du g\u00f6ra en best\u00e4llning?<\/h1>\n<h3><span>Kontakta v\u00e5r s\u00e4ljavdelning<\/span><\/h3>\n<hr>\n<p><p>\n        <a href=\"mailto:ordereco@hyltepaper.com\">ordereco@hyltepaper.com<\/a>\n    <\/p>\n<\/p>\n<h1>\n<h1 class=\"uk-margin-remove-top\" data-id=\"page#1-0-0-0\" data-element=\"\">S\u00e4ljkontakter<\/h1>\n<\/h1>\n<ul>\n<li>\n<p>        <img decoding=\"async\" src=\"\/wp-content\/uploads\/2024\/10\/Viktor01_LOW.jpg\" alt=\"\"><\/p>\n<div><strong>Viktor Laumann<\/strong><br \/>Business developer<br \/><a href=\"mailto:viktor.laumann@hyltepaper.com\">viktor.laumann@hyltepaper.com<\/a><br \/>+46 700 27 13 11<\/div>\n<\/li>\n<li>\n<p>        <img decoding=\"async\" src=\"\/wp-content\/uploads\/2024\/10\/StephanieV01_LOW.jpg\" alt=\"\"><\/p>\n<div><strong>Stephanie V\u00e4h\u00e4sarja<\/strong><br \/>Business developer<br \/><a href=\"mailto:stephanie.vahasarja@hyltepaper.com\">stephanie.vahasarja@hyltepaper.com<\/a><br \/>+46 702 58 45 71<\/div>\n<\/li>\n<\/ul>\n<p><!--more--><br \/>\n<!-- {\"type\":\"layout\",\"children\":[{\"type\":\"section\",\"props\":{\"header_transparent\":true,\"header_transparent_noplaceholder\":true,\"height\":\"viewport\",\"height_viewport\":50,\"image\":\"wp-content\/uploads\/2024\/10\/PRN_5409-copy-2-resize-scaled.jpg\",\"image_effect\":\"parallax\",\"image_loading\":true,\"image_position\":\"center-center\",\"image_size\":\"cover\",\"image_width\":2560,\"media_focal_point\":\"top-center\",\"overlap\":false,\"padding_bottom\":\"large\",\"padding_top\":\"large\",\"preserve_color\":false,\"style\":\"muted\",\"text_color\":\"dark\",\"title_breakpoint\":\"xl\",\"title_position\":\"top-left\",\"title_rotation\":\"left\",\"vertical_align\":\"middle\",\"width\":\"large\"},\"children\":[{\"type\":\"row\",\"children\":[{\"type\":\"column\",\"props\":{\"image_position\":\"center-center\",\"position_sticky_breakpoint\":\"m\"},\"children\":[{\"type\":\"headline\",\"props\":{\"block_align\":\"center\",\"content\":\"Hylte ECO Copy\",\"image_align\":\"left\",\"image_margin\":\"xsmall\",\"margin_top\":\"remove\",\"maxwidth\":\"2xlarge\",\"text_align\":\"center\",\"title_element\":\"h1\",\"title_style\":\"heading-medium\"}},{\"type\":\"headline\",\"props\":{\"block_align\":\"center\",\"content\":\"Utm\u00e4rkt f\u00f6r kopiering och utskrift\",\"image_align\":\"left\",\"image_margin\":\"xsmall\",\"margin_top\":\"remove\",\"maxwidth\":\"2xlarge\",\"text_align\":\"center\",\"title_element\":\"h1\",\"title_style\":\"h2\"}}]}]}],\"name\":\"hero undersida papper\"},{\"type\":\"section\",\"props\":{\"image_position\":\"center-center\",\"style\":\"default\",\"title_breakpoint\":\"xl\",\"title_position\":\"top-left\",\"title_rotation\":\"left\",\"vertical_align\":\"middle\",\"width\":\"default\"},\"children\":[{\"type\":\"row\",\"children\":[{\"type\":\"column\",\"props\":{\"image_position\":\"center-center\",\"position_sticky_breakpoint\":\"m\"},\"children\":[{\"type\":\"quotation\",\"props\":{\"content\":\"\n\n<p>Hylte Eco Copy \u00e4r omsorgsfullt framtaget fr\u00e5n svenska skogar med fokus p\u00e5 h\u00f6g kvalit\u00e9 och l\u00e5gt klimatavtryck. Den kr\u00e4mf\u00e4rgade designen g\u00f6r pappret mer l\u00e4sv\u00e4nlig och perfekt f\u00f6r utskrifter av textade dokument.<\/p>\n\n\",\"text_align\":\"center\"}},{\"type\":\"divider\",\"props\":{\"divider_element\":\"hr\"}},{\"type\":\"video\",\"props\":{\"margin_bottom\":\"default\",\"margin_top\":\"default\",\"text_align\":\"center\",\"video\":\"wp-content\/uploads\/2024\/11\/Hylte-Eco-Copy-Reklam-Video-V.8.mp4\",\"video_autoplay\":true,\"video_controls\":true,\"video_loading\":\"lazy\"}},{\"type\":\"divider\",\"props\":{\"divider_element\":\"hr\"}}]}]}]},{\"type\":\"section\",\"props\":{\"image_position\":\"center-center\",\"padding_bottom\":\"none\",\"padding_top\":\"none\",\"style\":\"default\",\"title_breakpoint\":\"xl\",\"title_position\":\"top-left\",\"title_rotation\":\"left\",\"vertical_align\":\"middle\",\"width\":\"\"},\"children\":[{\"type\":\"row\",\"props\":{\"column_gap\":\"collapse\",\"layout\":\"1-2,1-2\",\"row_gap\":\"collapse\"},\"children\":[{\"type\":\"column\",\"props\":{\"image\":\"wp-content\/uploads\/2024\/10\/Skog-och-Copy-PS-and-Ai-004.jpg\",\"image_position\":\"center-center\",\"image_size\":\"cover\",\"padding\":\"large\",\"position_sticky_breakpoint\":\"m\",\"style\":\"tile-primary\",\"vertical_align\":\"middle\",\"width_medium\":\"1-2\"}},{\"type\":\"column\",\"props\":{\"image_position\":\"center-center\",\"padding\":\"large\",\"position_sticky_breakpoint\":\"m\",\"style\":\"tile-primary\",\"vertical_align\":\"middle\",\"width_medium\":\"1-2\"},\"children\":[{\"type\":\"headline\",\"props\":{\"block_align\":\"center\",\"content\":\"Om Hylte ECO Copy\",\"image_align\":\"left\",\"image_margin\":\"xsmall\",\"maxwidth\":\"large\",\"title_element\":\"h2\"}},{\"type\":\"list\",\"props\":{\"block_align\":\"center\",\"column_breakpoint\":\"m\",\"content_style\":\"h5\",\"icon\":\"arrow-right\",\"image_align\":\"left\",\"image_svg_color\":\"emphasis\",\"image_vertical_align\":false,\"link_style\":\"muted\",\"list_element\":\"ul\",\"list_horizontal_separator\":\", \",\"list_style\":\"divider\",\"list_type\":\"vertical\",\"maxwidth\":\"large\",\"show_image\":true,\"show_link\":true,\"text_align\":\"left\"},\"children\":[{\"type\":\"list_item\",\"props\":{\"content\":\"FSC m\u00e4rkt\"}},{\"type\":\"list_item\",\"props\":{\"content\":\"<span>EU-ECO label<\/span>\"}},{\"type\":\"list_item\",\"props\":{\"content\":\"Finns i 70gsm och 80gsm\"}}]},{\"type\":\"divider\",\"props\":{\"divider_element\":\"hr\"}},{\"type\":\"button\",\"props\":{\"block_align\":\"center\",\"grid_column_gap\":\"small\",\"grid_row_gap\":\"small\",\"margin_bottom\":\"default\",\"margin_top\":\"default\",\"maxwidth\":\"large\"},\"children\":[{\"type\":\"button_item\",\"props\":{\"button_style\":\"secondary\",\"content\":\"Produktblad Hylte ECO Copy\",\"dialog_layout\":\"modal\",\"dialog_offcanvas_flip\":true,\"icon_align\":\"left\",\"link\":\"wp-content\/uploads\/2026\/01\/hylte-eco-copy.pdf\",\"link_target\":true}}]}]}]}],\"name\":\"om hylte copy\"},{\"type\":\"section\",\"props\":{\"image_position\":\"center-center\",\"padding_bottom\":\"none\",\"padding_top\":\"none\",\"style\":\"secondary\",\"title_breakpoint\":\"xl\",\"title_position\":\"top-left\",\"title_rotation\":\"left\",\"vertical_align\":\"middle\",\"width\":\"\"},\"children\":[{\"type\":\"row\",\"props\":{\"column_gap\":\"collapse\",\"height\":\"viewport\",\"height_viewport\":60,\"layout\":\"1-2,1-2\",\"row_gap\":\"collapse\"},\"children\":[{\"type\":\"column\",\"props\":{\"image_position\":\"center-center\",\"image_size\":\"cover\",\"padding\":\"large\",\"position_sticky_breakpoint\":\"m\",\"style\":\"tile-secondary\",\"vertical_align\":\"middle\",\"width_medium\":\"1-2\"},\"children\":[{\"type\":\"headline\",\"props\":{\"block_align\":\"center\",\"content\":\"Anv\u00e4ndningsomr\u00e5den\",\"image_align\":\"left\",\"image_margin\":\"xsmall\",\"maxwidth\":\"large\",\"title_element\":\"h2\"}},{\"type\":\"list\",\"props\":{\"block_align\":\"center\",\"column_breakpoint\":\"m\",\"content_style\":\"h5\",\"icon\":\"arrow-right\",\"image_align\":\"left\",\"image_svg_color\":\"emphasis\",\"image_vertical_align\":false,\"link_style\":\"muted\",\"list_element\":\"ul\",\"list_horizontal_separator\":\", \",\"list_style\":\"divider\",\"list_type\":\"vertical\",\"maxwidth\":\"large\",\"show_image\":true,\"show_link\":true,\"text_align\":\"left\"},\"children\":[{\"type\":\"list_item\",\"props\":{\"content\":\"\n\n<p>Kopiering &amp; utskrifter av dokument<\/p>\n\n\"}},{\"type\":\"list_item\",\"props\":{\"content\":\"\n\n<p>F\u00f6r laser &amp; bl\u00e4ckstr\u00e5leskrivare<\/p>\n\n\"}},{\"type\":\"list_item\",\"props\":{\"content\":\"\n\n<p>Anteckningar<\/p>\n\n\"}},{\"type\":\"list_item\",\"props\":{\"content\":\"\n\n<p>Informationsbroschyrer &amp; flyers<\/p>\n\n\"}}]}]},{\"type\":\"column\",\"props\":{\"image\":\"wp-content\/uploads\/2024\/10\/IMG_3970-copy-2.jpg\",\"image_loading\":false,\"image_position\":\"center-center\",\"image_size\":\"cover\",\"padding\":\"large\",\"position_sticky_breakpoint\":\"m\",\"style\":\"tile-secondary\",\"vertical_align\":\"middle\",\"width_medium\":\"1-2\"}}]}],\"name\":\"Anv\u00e4ndningsomr\u00e5den hylte copy\"},{\"type\":\"section\",\"props\":{\"image_position\":\"center-center\",\"padding_bottom\":\"none\",\"padding_top\":\"none\",\"style\":\"default\",\"title_breakpoint\":\"xl\",\"title_position\":\"top-left\",\"title_rotation\":\"left\",\"vertical_align\":\"middle\",\"width\":\"\"},\"children\":[{\"type\":\"row\",\"props\":{\"column_gap\":\"collapse\",\"height\":\"viewport\",\"height_viewport\":60,\"layout\":\"1-2,1-2\",\"row_gap\":\"collapse\"},\"children\":[{\"type\":\"column\",\"props\":{\"image\":\"wp-content\/uploads\/2024\/10\/IMG_4573-copy-2.jpg\",\"image_position\":\"center-right\",\"image_size\":\"cover\",\"padding\":\"large\",\"position_sticky_breakpoint\":\"m\",\"vertical_align\":\"middle\",\"width_medium\":\"1-2\"}},{\"type\":\"column\",\"props\":{\"image_position\":\"center-center\",\"padding\":\"large\",\"position_sticky_breakpoint\":\"m\",\"style\":\"tile-muted\",\"vertical_align\":\"middle\",\"width_medium\":\"1-2\"},\"children\":[{\"type\":\"headline\",\"props\":{\"block_align\":\"center\",\"content\":\"Certifierat enligt ECO label &amp; FSC m\u00e4rkt\",\"image_align\":\"left\",\"image_margin\":\"xsmall\",\"maxwidth\":\"large\",\"title_element\":\"h2\"}},{\"type\":\"text\",\"props\":{\"block_align\":\"center\",\"column_breakpoint\":\"m\",\"content\":\"\n\n<p>Hylte Paper \u00e4r certifierat enligt ECO label. EU Ecolabel \u00e4r EU:s officiella milj\u00f6m\u00e4rke. Milj\u00f6m\u00e4rkning Sverige AB ansvarar f\u00f6r EU Ecolabel i Sverige. Produkterna granskas ur ett livscykelperspektiv fr\u00e5n r\u00e5vara till avfall. Produkterna ska uppfylla str\u00e4nga milj\u00f6-, funktions- och kvalitetskrav.\u00a0<br \/>\\\"FSC m\u00e4rkt\\\" betyder att vi producerar milj\u00f6certifierat papper av v\u00e4rldsledande kvalitet med r\u00e5vara fr\u00e5n ansvarsfullt brukade skogar.<\/p>\n\n\\n\n\n\n\n\",\"margin_bottom\":\"\",\"margin_top\":\"\",\"maxwidth\":\"large\"}},{\"type\":\"button\",\"props\":{\"block_align\":\"center\",\"grid_column_gap\":\"small\",\"grid_row_gap\":\"small\",\"margin_bottom\":\"default\",\"margin_top\":\"default\",\"maxwidth\":\"large\"},\"children\":[{\"type\":\"button_item\",\"props\":{\"button_style\":\"secondary\",\"content\":\"Policy f\u00f6r h\u00e5llbar vedr\u00e5vara\",\"dialog_layout\":\"modal\",\"dialog_offcanvas_flip\":true,\"icon_align\":\"left\",\"link\":\"wp-content\/uploads\/2023\/08\/NOR-2599-v.1.0-Policy-for-hallbar-vedravara.pdf\",\"link_target\":true}}]}]}]},{\"type\":\"row\",\"props\":{\"column_gap\":\"collapse\",\"row_gap\":\"collapse\"},\"children\":[{\"type\":\"column\",\"props\":{\"image_position\":\"center-center\",\"position_sticky_breakpoint\":\"m\"}}]}],\"name\":\"h\u00e5llbart\"},{\"type\":\"section\",\"props\":{\"image_position\":\"center-center\",\"padding_bottom\":\"large\",\"padding_top\":\"large\",\"style\":\"primary\",\"title_breakpoint\":\"xl\",\"title_position\":\"top-left\",\"title_rotation\":\"left\",\"vertical_align\":\"middle\",\"width\":\"large\"},\"children\":[{\"type\":\"row\",\"children\":[{\"type\":\"column\",\"props\":{\"image_position\":\"center-center\",\"position_sticky_breakpoint\":\"m\"},\"children\":[{\"type\":\"headline\",\"props\":{\"animation\":\"none\",\"content\":\"Vill du g\u00f6ra en best\u00e4llning?\",\"image_align\":\"left\",\"image_margin\":\"xsmall\",\"text_align\":\"center\",\"text_align_breakpoint\":\"m\",\"text_align_fallback\":\"center\",\"title_color\":\"secondary\",\"title_element\":\"h1\",\"title_style\":\"heading-small\"}},{\"type\":\"headline\",\"props\":{\"animation\":\"none\",\"content\":\"<span>Kontakta v\u00e5r s\u00e4ljavdelning<\/span>\",\"image_align\":\"left\",\"image_margin\":\"xsmall\",\"text_align\":\"center\",\"text_align_breakpoint\":\"m\",\"text_align_fallback\":\"center\",\"title_element\":\"h3\"}},{\"type\":\"divider\",\"props\":{\"divider_element\":\"hr\"}},{\"type\":\"button\",\"props\":{\"animation\":\"none\",\"grid_column_gap\":\"small\",\"grid_row_gap\":\"small\",\"margin_bottom\":\"default\",\"margin_top\":\"default\",\"text_align\":\"center\",\"text_align_breakpoint\":\"m\",\"text_align_fallback\":\"center\"},\"children\":[{\"type\":\"button_item\",\"props\":{\"button_style\":\"secondary\",\"content\":\"ordereco@hyltepaper.com\",\"dialog_layout\":\"modal\",\"dialog_offcanvas_flip\":true,\"icon_align\":\"left\",\"link\":\"mailto:ordereco@hyltepaper.com\"}}]},{\"type\":\"headline\",\"props\":{\"content\":\"\n\n<h1 class=\\\"uk-margin-remove-top\\\" data-id=\\\"page#1-0-0-0\\\" data-element=\\\"\\\">S\u00e4ljkontakter<\/h1>\n\n\",\"image_align\":\"left\",\"image_margin\":\"xsmall\",\"title_element\":\"h1\"}},{\"type\":\"list\",\"props\":{\"column\":\"1-2\",\"column_breakpoint\":\"m\",\"column_divider\":true,\"image_align\":\"left\",\"image_svg_color\":\"emphasis\",\"image_vertical_align\":true,\"list_element\":\"ul\",\"list_horizontal_separator\":\", \",\"list_type\":\"vertical\",\"margin_bottom\":\"large\",\"margin_top\":\"large\",\"show_image\":true,\"show_link\":true},\"children\":[{\"type\":\"list_item\",\"props\":{\"content\":\"<strong>Viktor Laumann<\/strong><br \/>Business developer<br \/><a href=\\\"mailto:viktor.laumann@hyltepaper.com\\\">viktor.laumann@hyltepaper.com<\/a><br \/>+46 700 27 13 11\",\"image\":\"wp-content\/uploads\/2024\/10\/Viktor01_LOW.jpg\"}},{\"type\":\"list_item\",\"props\":{\"content\":\"<strong>Stephanie V\u00e4h\u00e4sarja<\/strong><br \/>Business developer<br \/><a href=\\\"mailto:stephanie.vahasarja@hyltepaper.com\\\">stephanie.vahasarja@hyltepaper.com<\/a><br \/>+46 702 58 45 71\",\"image\":\"wp-content\/uploads\/2024\/10\/StephanieV01_LOW.jpg\"}}]}]}]}],\"name\":\"best\u00e4llning \"},{\"type\":\"section\",\"props\":{\"height\":\"viewport\",\"height_viewport\":70,\"image\":\"wp-content\/uploads\/2023\/03\/Hylte-mindre-hog-scaled.jpg\",\"image_position\":\"top-center\",\"padding_bottom\":\"none\",\"padding_top\":\"none\",\"style\":\"default\",\"title_breakpoint\":\"xl\",\"title_position\":\"top-left\",\"title_rotation\":\"left\",\"vertical_align\":\"middle\",\"width\":\"default\"},\"children\":[{\"type\":\"row\",\"children\":[{\"type\":\"column\",\"props\":{\"image_position\":\"center-center\",\"position_sticky_breakpoint\":\"m\"}}]}],\"name\":\"bild\"}],\"version\":\"5.0.7\"} --><\/p>\n","protected":false},"excerpt":{"rendered":"<p>Hylte ECO Copy Utm\u00e4rkt f\u00f6r kopiering och utskrift Hylte Eco Copy \u00e4r omsorgsfullt framtaget fr\u00e5n svenska skogar med fokus p\u00e5 h\u00f6g kvalit\u00e9 och l\u00e5gt klimatavtryck. Den kr\u00e4mf\u00e4rgade designen g\u00f6r pappret mer l\u00e4sv\u00e4nlig och perfekt f\u00f6r utskrifter av textade dokument. Om Hylte ECO Copy FSC m\u00e4rkt EU-ECO label Finns i 70gsm och 80gsm Produktblad Hylte ECO [&hellip;]<\/p>\n","protected":false},"author":8,"featured_media":0,"parent":0,"menu_order":0,"comment_status":"closed","ping_status":"closed","template":"","meta":{"footnotes":""},"class_list":["post-1415","page","type-page","status-publish","hentry"],"jetpack_sharing_enabled":true,"_links":{"self":[{"href":"https:\/\/hyltepaper.se\/sv\/wp-json\/wp\/v2\/pages\/1415","targetHints":{"allow":["GET"]}}],"collection":[{"href":"https:\/\/hyltepaper.se\/sv\/wp-json\/wp\/v2\/pages"}],"about":[{"href":"https:\/\/hyltepaper.se\/sv\/wp-json\/wp\/v2\/types\/page"}],"author":[{"embeddable":true,"href":"https:\/\/hyltepaper.se\/sv\/wp-json\/wp\/v2\/users\/8"}],"replies":[{"embeddable":true,"href":"https:\/\/hyltepaper.se\/sv\/wp-json\/wp\/v2\/comments?post=1415"}],"version-history":[{"count":44,"href":"https:\/\/hyltepaper.se\/sv\/wp-json\/wp\/v2\/pages\/1415\/revisions"}],"predecessor-version":[{"id":1590,"href":"https:\/\/hyltepaper.se\/sv\/wp-json\/wp\/v2\/pages\/1415\/revisions\/1590"}],"wp:attachment":[{"href":"https:\/\/hyltepaper.se\/sv\/wp-json\/wp\/v2\/media?parent=1415"}],"curies":[{"name":"wp","href":"https:\/\/api.w.org\/{rel}","templated":true}]}}