{"id":345,"date":"2023-03-20T15:16:00","date_gmt":"2023-03-20T14:16:00","guid":{"rendered":"https:\/\/hyltepaper.se\/?page_id=345"},"modified":"2024-10-16T13:16:14","modified_gmt":"2024-10-16T11:16:14","slug":"produkter","status":"publish","type":"page","link":"https:\/\/hyltepaper.se\/sv\/produkter\/","title":{"rendered":"Produkter"},"content":{"rendered":"<h1>Produkter<\/h1>\n<blockquote>\n<p>Hylte Paper producerar papper av h\u00f6gsta kvalitet av f\u00e4rskfiber fr\u00e5n ansvarsfullt brukade lokala skogar. Medelavst\u00e5ndet vi transporterar v\u00e5r fiberr\u00e5vara \u00e4r under 10 mil!<\/p>\n<\/blockquote>\n<h1>V\u00e5ra produkter<\/h1>\n<ul>\n<li>\n<p>        <img decoding=\"async\" src=\"\/wp-content\/uploads\/2023\/03\/iStock-1439131655.jpg\" alt=\"\"><\/p>\n<h2>Hylte News<\/h2>\n<div>\n<p><a class=\"uk-button uk-button-text\">Tidningspapper<\/a><\/p>\n<\/div>\n<p><a href=\"\/hylte-news\/\"><\/a><\/p>\n<\/li>\n<li>\n<p>        <img decoding=\"async\" src=\"\/wp-content\/uploads\/2023\/03\/pexels-photo-518543.webp\" alt=\"\"><\/p>\n<h2>Hylte Attract<\/h2>\n<div>\n<p><a class=\"uk-button uk-button-text\">F\u00f6rb\u00e4ttrat tidningspapper<\/a><\/p>\n<\/div>\n<p><a href=\"\/hylte-attract\/\"><\/a><\/p>\n<\/li>\n<li>\n<p>        <img decoding=\"async\" src=\"\/wp-content\/uploads\/2023\/05\/iStock-1224155970-scaled.jpg\" alt=\"\"><\/p>\n<h2>Hylte Bok<\/h2>\n<div>\n<p>H\u00f6gkvalitativt papper f\u00f6r tryck av fr\u00e4mst pocketb\u00f6cker<\/p>\n<\/div>\n<p><a href=\"\/hylte-bok\/\"><\/a><\/p>\n<\/li>\n<li>\n<p>        <img decoding=\"async\" src=\"\/wp-content\/uploads\/2024\/10\/ECO-COPY-produkt.jpg\" alt=\"\"><\/p>\n<h2>Hylte ECO Copy<\/h2>\n<div>\n<p>Kopierings- och utskriftspapper<\/p>\n<\/div>\n<p><a href=\"\/hylte-copy\/\"><\/a><\/p>\n<\/li>\n<\/ul>\n<h2>Papper av h\u00f6gsta kvalitet<\/h2>\n<div>\n<p>Hylte Paper har utm\u00e4rkt tryckbarhet och k\u00f6rbarhet. Ett sj\u00e4lvklart val! Det papper vi producerar kan anv\u00e4ndas till bland annat dagstidningar, direktreklam och annonser.<\/p>\n<p>V\u00e5ra produktgrupper \u00e4r tidningspapper, Hylte News, och f\u00f6rb\u00e4ttrat tidningspapper, Hylte Attract. V\u00e5ra kunniga och serviceinriktade medarbetare hj\u00e4lper dig att hitta r\u00e4tt teknisk specifikation p\u00e5 pappret f\u00f6r just dina behov!<\/p>\n<\/div>\n<h2>Ett medvetet val f\u00f6r milj\u00f6n<\/h2>\n<div>\n<p>F\u00f6r oss \u00e4r det en sj\u00e4lvklarhet att v\u00e4rna om milj\u00f6n och att v\u00e5r r\u00e5vara kommer fr\u00e5n ansvarsfullt brukade skogar. Vi v\u00e4rnar om ansvarsfull hantering av skogarna, socialt ansvar och h\u00e5llbara produktionsmetoder. Att v\u00e4lja v\u00e5rt papper \u00e4r ett enkelt s\u00e4tt att g\u00f6ra ett medvetet val f\u00f6r milj\u00f6n!<\/p>\n<\/div>\n<h2>Tillverkningsprocessen<\/h2>\n<div>\n<div class=\"uk-panel uk-width-large uk-margin-auto\">\n<p>I Hylte Bruk tillverkas papper fr\u00e5n TMP-massa. Massan tillverkas fr\u00e5n s\u00e5gverksflis och massaved som mals till flis.<\/p>\n<p>Flisen behandlas i en raffin\u00f6r f\u00f6r att f\u00e5 fram TMP-massa.<\/p>\n<p>Massan behandlas sedan genom avvattning, pressning och torkning f\u00f6r att bli papper. Det f\u00e4rdiga pappret f\u00f6rpackas p\u00e5 rullar som distribueras f\u00f6r anv\u00e4ndning i tryck hos v\u00e5ra kunder.<\/p>\n<\/div>\n<\/div>\n<h2><a href=\"#\">Vill du g\u00f6ra en best\u00e4llning?<\/a><\/h2>\n<h3>Kontakta v\u00e5r s\u00e4ljavdelning<\/h3>\n<hr>\n<p>\n    <a href=\"mailto:sales@hyltepaper.com\">sales@hyltepaper.com<\/a>\n<\/p>\n<h2>Hylte Paper \u2013 en del av Sweden Timber<\/h2>\n<div>\n<p>Hylte Paper \u00e4r en del av Sweden Timber som producerar och s\u00e4ljer tr\u00e4varor till byggindustri och tr\u00e4varuhandel \u00f6ver hela v\u00e4rlden. <\/p>\n<p>L\u00e4s mer om v\u00e5ra systerf\u00f6retag p\u00e5 <strong><a href=\"http:\/\/www.swedentimber.se\" target=\"_blank\" rel=\"noopener\">www.swedentimber.se<\/a><\/strong><\/p>\n<\/div>\n<p><!--more--><br \/>\n<!-- {\"type\":\"layout\",\"children\":[{\"type\":\"section\",\"props\":{\"header_transparent\":true,\"header_transparent_noplaceholder\":true,\"height\":\"viewport\",\"height_viewport\":50,\"image\":\"wp-content\\\/uploads\\\/2023\\\/03\\\/iStock-1439131655.jpg\",\"image_effect\":\"parallax\",\"image_loading\":true,\"image_parallax_bgy\":\"-5vh,4vh\",\"image_parallax_easing\":\"1\",\"image_position\":\"top-center\",\"image_size\":\"cover\",\"image_width\":\"2560\",\"padding\":\"large\",\"padding_remove_bottom\":false,\"padding_remove_top\":false,\"style\":\"default\",\"text_color\":\"light\",\"title_breakpoint\":\"xl\",\"title_position\":\"top-left\",\"title_rotation\":\"left\",\"vertical_align\":\"middle\",\"video_width\":\"2560\",\"width\":\"large\"},\"children\":[{\"type\":\"row\",\"props\":{\"margin\":\"remove-vertical\"},\"children\":[{\"type\":\"column\",\"props\":{\"image_position\":\"center-center\",\"position_sticky_breakpoint\":\"m\",\"width_medium\":\"1-1\"},\"children\":[{\"type\":\"headline\",\"props\":{\"block_align\":\"center\",\"content\":\"Produkter\",\"margin_remove_top\":true,\"maxwidth\":\"2xlarge\",\"text_align\":\"center\",\"title_element\":\"h1\",\"title_style\":\"heading-medium\"}}]}]}],\"name\":\"Hero undersida\"},{\"type\":\"section\",\"props\":{\"image_position\":\"center-center\",\"padding\":\"large\",\"style\":\"default\",\"title_breakpoint\":\"xl\",\"title_position\":\"top-left\",\"title_rotation\":\"left\",\"vertical_align\":\"\",\"width\":\"default\"},\"children\":[{\"type\":\"row\",\"props\":{\"margin_remove_bottom\":false},\"children\":[{\"type\":\"column\",\"props\":{\"image_position\":\"center-center\",\"position_sticky_breakpoint\":\"m\"},\"children\":[{\"type\":\"quotation\",\"props\":{\"content\":\"\n\n<p>Hylte Paper producerar papper av h\\u00f6gsta kvalitet av f\\u00e4rskfiber fr\\u00e5n ansvarsfullt brukade lokala skogar. Medelavst\\u00e5ndet vi transporterar v\\u00e5r fiberr\\u00e5vara \\u00e4r under 10 mil!<\\\/p>\"}},{\"type\":\"text\",\"props\":{\"column_breakpoint\":\"m\",\"content\":\"\",\"margin\":\"default\"}}]}]}],\"name\":\"Kort intro\"},{\"name\":\"produktgrupper\",\"type\":\"section\",\"props\":{\"animation_delay\":false,\"image_position\":\"center-center\",\"padding\":\"large\",\"padding_remove_bottom\":false,\"padding_remove_top\":true,\"style\":\"default\",\"title_breakpoint\":\"s\",\"title_position\":\"top-right\",\"title_rotation\":\"left\",\"vertical_align\":\"\",\"width\":\"\"},\"children\":[{\"type\":\"row\",\"props\":{\"margin_remove_bottom\":false,\"margin_remove_top\":false},\"children\":[{\"type\":\"column\",\"props\":{\"image_position\":\"center-center\",\"position_sticky_breakpoint\":\"m\",\"width_medium\":\"1-1\"},\"children\":[{\"type\":\"headline\",\"props\":{\"content\":\"V\\u00e5ra produkter\",\"margin\":\"medium\",\"text_align\":\"center\",\"title_color\":\"secondary\",\"title_element\":\"h1\"}},{\"type\":\"gallery\",\"props\":{\"animation\":\"none\",\"filter_align\":\"left\",\"filter_all\":true,\"filter_grid_breakpoint\":\"m\",\"filter_grid_width\":\"auto\",\"filter_position\":\"top\",\"filter_style\":\"tab\",\"grid_column_align\":true,\"grid_default\":\"1\",\"grid_medium\":\"3\",\"grid_small\":\"2\",\"image_transition\":\"scale-up\",\"image_width\":\"850\",\"item_animation\":true,\"link_style\":\"default\",\"link_text\":\"\",\"margin\":\"\",\"meta_align\":\"below-title\",\"meta_element\":\"div\",\"meta_style\":\"\",\"overlay_hover\":false,\"overlay_link\":true,\"overlay_margin\":\"large\",\"overlay_maxwidth\":\"large\",\"overlay_mode\":\"caption\",\"overlay_padding\":\"large\",\"overlay_position\":\"center\",\"overlay_style\":\"overlay-default\",\"overlay_transition\":\"fade\",\"parallax_easing\":\"1\",\"show_content\":true,\"show_hover_image\":true,\"show_hover_video\":true,\"show_link\":true,\"show_meta\":true,\"show_title\":true,\"text_align\":\"center\",\"text_color\":\"\",\"title_element\":\"h2\",\"title_hover_style\":\"reset\"},\"children\":[{\"type\":\"gallery_item\",\"props\":{\"content\":\"\n\n<p><a class=\\\"uk-button uk-button-text\\\">Tidningspapper<\\\/a><\\\/p>\",\"image\":\"wp-content\\\/uploads\\\/2023\\\/03\\\/iStock-1439131655.jpg\",\"link\":\"hylte-news\\\/\",\"title\":\"Hylte News\"}},{\"type\":\"gallery_item\",\"props\":{\"content\":\"\n\n<p><a class=\\\"uk-button uk-button-text\\\">F\\u00f6rb\\u00e4ttrat tidningspapper<\\\/a><\\\/p>\",\"image\":\"wp-content\\\/uploads\\\/2023\\\/03\\\/pexels-photo-518543.webp\",\"link\":\"hylte-attract\\\/\",\"title\":\"Hylte Attract\"}},{\"type\":\"gallery_item\",\"props\":{\"content\":\"\n\n<p>H\\u00f6gkvalitativt papper f\\u00f6r tryck av fr\\u00e4mst pocketb\\u00f6cker<\\\/p>\",\"image\":\"wp-content\\\/uploads\\\/2023\\\/05\\\/iStock-1224155970-scaled.jpg\",\"link\":\"hylte-bok\\\/\",\"title\":\"Hylte Bok\"}},{\"type\":\"gallery_item\",\"props\":{\"content\":\"\n\n<p>Kopierings- och utskriftspapper<\\\/p>\",\"image\":\"wp-content\\\/uploads\\\/2024\\\/10\\\/ECO-COPY-produkt.jpg\",\"link\":\"hylte-copy\\\/\",\"title\":\"Hylte ECO Copy\"}}]}]}]}]},{\"name\":\"orange box \",\"type\":\"section\",\"props\":{\"animation_delay\":false,\"image_position\":\"center-center\",\"padding\":\"large\",\"padding_remove_bottom\":true,\"padding_remove_top\":true,\"style\":\"default\",\"title_breakpoint\":\"xl\",\"title_position\":\"top-left\",\"title_rotation\":\"left\",\"vertical_align\":\"\",\"width\":\"\"},\"children\":[{\"type\":\"row\",\"props\":{\"column_gap\":\"collapse\",\"height\":\"viewport\",\"height_viewport\":80,\"layout\":\"1-2,1-2\",\"margin_remove_bottom\":false,\"margin_remove_top\":false,\"match\":false,\"row_gap\":\"collapse\"},\"children\":[{\"type\":\"column\",\"props\":{\"css\":\".el-column {min-height:300px;}\",\"image\":\"wp-content\\\/uploads\\\/2023\\\/03\\\/DSC5404.jpg\",\"image_position\":\"center-center\",\"image_size\":\"cover\",\"padding\":\"large\",\"position_sticky_breakpoint\":\"m\",\"style\":\"tile-primary\",\"vertical_align\":\"middle\",\"width_medium\":\"1-2\"}},{\"type\":\"column\",\"props\":{\"image_loading\":false,\"image_position\":\"bottom-center\",\"image_size\":\"cover\",\"order_first\":\"l\",\"padding\":\"large\",\"position_sticky_breakpoint\":\"m\",\"style\":\"tile-primary\",\"vertical_align\":\"middle\",\"width_medium\":\"1-2\"},\"children\":[{\"type\":\"headline\",\"props\":{\"block_align\":\"center\",\"content\":\"Papper av h\\u00f6gsta kvalitet\",\"maxwidth\":\"large\",\"title_element\":\"h2\"}},{\"type\":\"text\",\"props\":{\"block_align\":\"center\",\"column_breakpoint\":\"m\",\"content\":\"\n\n<p>Hylte Paper har utm\\u00e4rkt tryckbarhet och k\\u00f6rbarhet. Ett sj\\u00e4lvklart val! Det papper vi producerar kan anv\\u00e4ndas till bland annat dagstidningar, direktreklam och annonser.<\\\/p>\\n\n\n<p>V\\u00e5ra produktgrupper \\u00e4r tidningspapper, Hylte News, och f\\u00f6rb\\u00e4ttrat tidningspapper, Hylte Attract. V\\u00e5ra kunniga och serviceinriktade medarbetare hj\\u00e4lper dig att hitta r\\u00e4tt teknisk specifikation p\\u00e5 pappret f\\u00f6r just dina behov!<\\\/p>\",\"margin\":\"\",\"maxwidth\":\"large\"}}]}]}]},{\"name\":\"vit box\",\"type\":\"section\",\"props\":{\"animation_delay\":false,\"image_position\":\"center-center\",\"padding\":\"small\",\"padding_remove_bottom\":true,\"padding_remove_top\":true,\"style\":\"default\",\"title_breakpoint\":\"xl\",\"title_position\":\"top-left\",\"title_rotation\":\"left\",\"vertical_align\":\"\",\"width\":\"\"},\"children\":[{\"type\":\"row\",\"props\":{\"column_gap\":\"collapse\",\"height\":\"viewport\",\"height_viewport\":80,\"layout\":\"1-2,1-2\",\"margin\":\"default\",\"margin_remove_bottom\":true,\"margin_remove_top\":true,\"match\":false,\"row_gap\":\"collapse\"},\"children\":[{\"type\":\"column\",\"props\":{\"css\":\".el-column {min-height:300px;}\",\"image\":\"wp-content\\\/uploads\\\/2023\\\/08\\\/skog.jpg\",\"image_position\":\"center-center\",\"image_size\":\"cover\",\"padding\":\"large\",\"position_sticky_breakpoint\":\"m\",\"vertical_align\":\"middle\",\"width_medium\":\"1-2\"}},{\"type\":\"column\",\"props\":{\"image_position\":\"center-center\",\"order_first\":\"l\",\"padding\":\"large\",\"position_sticky_breakpoint\":\"m\",\"style\":\"tile-muted\",\"vertical_align\":\"middle\",\"width_medium\":\"1-2\"},\"children\":[{\"type\":\"headline\",\"props\":{\"block_align\":\"center\",\"content\":\"Ett medvetet val f\\u00f6r milj\\u00f6n\",\"maxwidth\":\"large\",\"title_element\":\"h2\"}},{\"type\":\"text\",\"props\":{\"block_align\":\"center\",\"column_breakpoint\":\"m\",\"content\":\"\n\n<p>F\\u00f6r oss \\u00e4r det en sj\\u00e4lvklarhet att v\\u00e4rna om milj\\u00f6n och att v\\u00e5r r\\u00e5vara kommer fr\\u00e5n ansvarsfullt brukade skogar. Vi v\\u00e4rnar om ansvarsfull hantering av skogarna, socialt ansvar och h\\u00e5llbara produktionsmetoder. Att v\\u00e4lja v\\u00e5rt papper \\u00e4r ett enkelt s\\u00e4tt att g\\u00f6ra ett medvetet val f\\u00f6r milj\\u00f6n!<\\\/p>\",\"margin\":\"\",\"maxwidth\":\"large\"}}]}]}]},{\"name\":\"tillverkningsprocess\",\"type\":\"section\",\"props\":{\"animation_delay\":false,\"image_position\":\"center-center\",\"padding\":\"small\",\"padding_remove_bottom\":true,\"padding_remove_top\":true,\"style\":\"default\",\"title_breakpoint\":\"xl\",\"title_position\":\"top-left\",\"title_rotation\":\"left\",\"vertical_align\":\"\",\"width\":\"\"},\"children\":[{\"type\":\"row\",\"props\":{\"column_gap\":\"collapse\",\"height\":\"viewport\",\"height_viewport\":80,\"layout\":\"1-2,1-2\",\"margin_remove_bottom\":false,\"margin_remove_top\":false,\"match\":false,\"row_gap\":\"collapse\"},\"children\":[{\"type\":\"column\",\"props\":{\"css\":\".el-column {min-height:300px;}\",\"image\":\"wp-content\\\/uploads\\\/2023\\\/03\\\/Produktionsprocess-Hylte.jpg\",\"image_position\":\"center-center\",\"image_size\":\"height-1-1\",\"padding\":\"large\",\"position_sticky_breakpoint\":\"m\",\"vertical_align\":\"middle\",\"width_medium\":\"1-2\"}},{\"type\":\"column\",\"props\":{\"image_position\":\"center-center\",\"padding\":\"large\",\"position_sticky_breakpoint\":\"m\",\"style\":\"tile-secondary\",\"vertical_align\":\"middle\",\"width_medium\":\"1-2\"},\"children\":[{\"type\":\"headline\",\"props\":{\"block_align\":\"center\",\"content\":\"Tillverkningsprocessen\",\"maxwidth\":\"large\",\"title_element\":\"h2\"}},{\"type\":\"text\",\"props\":{\"block_align\":\"center\",\"column_breakpoint\":\"m\",\"content\":\"\n\n<div class=\\\"uk-panel uk-width-large uk-margin-auto\\\">\\n\n\n<p>I Hylte Bruk tillverkas papper fr\\u00e5n TMP-massa. Massan tillverkas fr\\u00e5n s\\u00e5gverksflis och massaved som mals till flis.<\\\/p>\\n\n\n<p>Flisen behandlas i en raffin\\u00f6r f\\u00f6r att f\\u00e5 fram TMP-massa.<\\\/p>\\n\n\n<p>Massan behandlas sedan genom avvattning, pressning och torkning f\\u00f6r att bli papper. Det f\\u00e4rdiga pappret f\\u00f6rpackas p\\u00e5 rullar som distribueras f\\u00f6r anv\\u00e4ndning i tryck hos v\\u00e5ra kunder.<\\\/p>\\n<\\\/div>\",\"margin\":\"\",\"maxwidth\":\"large\"}}]}]}]},{\"name\":\"best\\u00e4llning \",\"type\":\"section\",\"props\":{\"id\":\"location\",\"image_effect\":\"parallax\",\"image_parallax_bgx\":\"150,150\",\"image_parallax_bgy\":\"-100,100\",\"image_parallax_easing\":\"1\",\"image_position\":\"center-right\",\"padding\":\"large\",\"padding_remove_bottom\":false,\"padding_remove_top\":false,\"style\":\"primary\",\"title_breakpoint\":\"xl\",\"title_position\":\"top-left\",\"title_rotation\":\"left\",\"vertical_align\":\"\",\"width\":\"large\"},\"children\":[{\"type\":\"row\",\"props\":{\"margin_remove_bottom\":false,\"margin_remove_top\":false},\"children\":[{\"type\":\"column\",\"props\":{\"image_position\":\"center-center\",\"position_sticky_breakpoint\":\"m\"},\"children\":[{\"type\":\"headline\",\"props\":{\"animation\":\"none\",\"content\":\"Vill du g\\u00f6ra en best\\u00e4llning?\",\"link\":\"#\",\"link_style\":false,\"margin_remove_top\":false,\"parallax_breakpoint\":\"m\",\"parallax_easing\":\"1\",\"parallax_end\":\"70vh + 70%\",\"parallax_opacity\":\"0,1\",\"text_align\":\"center\",\"text_align_breakpoint\":\"m\",\"text_align_fallback\":\"center\",\"title_color\":\"secondary\",\"title_element\":\"h2\",\"title_style\":\"heading-small\"}},{\"type\":\"headline\",\"props\":{\"animation\":\"none\",\"content\":\"Kontakta v\\u00e5r s\\u00e4ljavdelning\",\"parallax_easing\":\"1\",\"parallax_end\":\"70vh + 70%\",\"parallax_opacity\":\"0,1\",\"parallax_y\":\"20,0\",\"text_align\":\"center\",\"text_align_breakpoint\":\"m\",\"text_align_fallback\":\"center\",\"title_element\":\"h3\"}},{\"type\":\"divider\",\"props\":{\"divider_element\":\"hr\"}},{\"type\":\"button\",\"props\":{\"animation\":\"none\",\"grid_column_gap\":\"small\",\"grid_row_gap\":\"small\",\"margin\":\"remove-vertical\",\"parallax_easing\":\"1\",\"parallax_end\":\"70vh + 70%\",\"parallax_opacity\":\"0,1\",\"parallax_y\":\"20,0\",\"text_align\":\"center\",\"text_align_breakpoint\":\"m\",\"text_align_fallback\":\"center\"},\"children\":[{\"type\":\"button_item\",\"props\":{\"button_style\":\"secondary\",\"content\":\"sales@hyltepaper.com\",\"icon_align\":\"left\",\"link\":\"mailto:sales@hyltepaper.com\"}}]}]}]}]},{\"name\":\"systerbolag\",\"type\":\"section\",\"props\":{\"animation_delay\":false,\"image_position\":\"center-center\",\"padding\":\"small\",\"padding_remove_bottom\":true,\"padding_remove_top\":true,\"style\":\"default\",\"title_breakpoint\":\"xl\",\"title_position\":\"top-left\",\"title_rotation\":\"left\",\"vertical_align\":\"\",\"width\":\"\"},\"children\":[{\"type\":\"row\",\"props\":{\"column_gap\":\"collapse\",\"height\":\"viewport\",\"height_viewport\":50,\"layout\":\"1-2,1-2\",\"margin_remove_bottom\":false,\"margin_remove_top\":false,\"match\":false,\"row_gap\":\"collapse\"},\"children\":[{\"type\":\"column\",\"props\":{\"image\":\"wp-content\\\/uploads\\\/2023\\\/04\\\/sweden-timber-bild.jpg\",\"image_position\":\"center-center\",\"image_size\":\"contain\",\"padding\":\"large\",\"position_sticky_breakpoint\":\"m\",\"vertical_align\":\"middle\",\"width_medium\":\"1-2\"}},{\"type\":\"column\",\"props\":{\"image_position\":\"center-center\",\"order_first\":\"l\",\"padding\":\"large\",\"position_sticky_breakpoint\":\"m\",\"style\":\"tile-secondary\",\"vertical_align\":\"middle\",\"width_medium\":\"1-2\"},\"children\":[{\"type\":\"headline\",\"props\":{\"block_align\":\"center\",\"content\":\"Hylte Paper \\u2013 en del av Sweden Timber\",\"maxwidth\":\"large\",\"title_element\":\"h2\"}},{\"type\":\"text\",\"props\":{\"block_align\":\"center\",\"column_breakpoint\":\"m\",\"content\":\"\n\n<p>Hylte Paper \\u00e4r en del av Sweden Timber som producerar och s\\u00e4ljer tr\\u00e4varor till byggindustri och tr\\u00e4varuhandel \\u00f6ver hela v\\u00e4rlden. <\\\/p>\\n\n\n<p>L\\u00e4s mer om v\\u00e5ra systerf\\u00f6retag p\\u00e5 <strong><a href=\\\"http:\\\/\\\/www.swedentimber.se\\\" target=\\\"_blank\\\" rel=\\\"noopener\\\">www.swedentimber.se<\\\/a><\\\/strong><\\\/p>\",\"margin\":\"\",\"maxwidth\":\"large\"}}]}]}]},{\"type\":\"section\",\"props\":{\"height\":\"viewport\",\"height_viewport\":70,\"image\":\"wp-content\\\/uploads\\\/2023\\\/03\\\/Hylte-kva\\u2560ell-2-scaled.jpg\",\"image_position\":\"center-center\",\"padding_remove_bottom\":true,\"padding_remove_top\":true,\"style\":\"default\",\"title_breakpoint\":\"xl\",\"title_position\":\"top-left\",\"title_rotation\":\"left\",\"vertical_align\":\"middle\",\"width\":\"default\"},\"children\":[{\"type\":\"row\",\"children\":[{\"type\":\"column\",\"props\":{\"image_position\":\"center-center\",\"position_sticky_breakpoint\":\"m\"}}]}],\"name\":\"bild\"}],\"version\":\"4.4.10\"} --><\/p>\n","protected":false},"excerpt":{"rendered":"<p>Produkter Hylte Paper producerar papper av h\u00f6gsta kvalitet av f\u00e4rskfiber fr\u00e5n ansvarsfullt brukade lokala skogar. Medelavst\u00e5ndet vi transporterar v\u00e5r fiberr\u00e5vara \u00e4r under 10 mil! V\u00e5ra produkter Hylte News Tidningspapper Hylte Attract F\u00f6rb\u00e4ttrat tidningspapper Hylte Bok H\u00f6gkvalitativt papper f\u00f6r tryck av fr\u00e4mst pocketb\u00f6cker Hylte ECO Copy Kopierings- och utskriftspapper Papper av h\u00f6gsta kvalitet Hylte Paper har [&hellip;]<\/p>\n","protected":false},"author":1,"featured_media":0,"parent":0,"menu_order":0,"comment_status":"closed","ping_status":"closed","template":"","meta":{"footnotes":""},"class_list":["post-345","page","type-page","status-publish","hentry"],"jetpack_sharing_enabled":true,"_links":{"self":[{"href":"https:\/\/hyltepaper.se\/sv\/wp-json\/wp\/v2\/pages\/345","targetHints":{"allow":["GET"]}}],"collection":[{"href":"https:\/\/hyltepaper.se\/sv\/wp-json\/wp\/v2\/pages"}],"about":[{"href":"https:\/\/hyltepaper.se\/sv\/wp-json\/wp\/v2\/types\/page"}],"author":[{"embeddable":true,"href":"https:\/\/hyltepaper.se\/sv\/wp-json\/wp\/v2\/users\/1"}],"replies":[{"embeddable":true,"href":"https:\/\/hyltepaper.se\/sv\/wp-json\/wp\/v2\/comments?post=345"}],"version-history":[{"count":87,"href":"https:\/\/hyltepaper.se\/sv\/wp-json\/wp\/v2\/pages\/345\/revisions"}],"predecessor-version":[{"id":1465,"href":"https:\/\/hyltepaper.se\/sv\/wp-json\/wp\/v2\/pages\/345\/revisions\/1465"}],"wp:attachment":[{"href":"https:\/\/hyltepaper.se\/sv\/wp-json\/wp\/v2\/media?parent=345"}],"curies":[{"name":"wp","href":"https:\/\/api.w.org\/{rel}","templated":true}]}}