{"id":65,"date":"2023-03-02T12:24:02","date_gmt":"2023-03-02T11:24:02","guid":{"rendered":"https:\/\/hyltepaper.se\/?page_id=65"},"modified":"2025-03-12T07:57:51","modified_gmt":"2025-03-12T06:57:51","slug":"home","status":"publish","type":"page","link":"https:\/\/hyltepaper.se\/sv\/","title":{"rendered":"Hem"},"content":{"rendered":"<h1>Svensk papperskvalitet sedan 1907<\/h1>\n<div>\n<p><strong>Hylte Paper ligger i Hyltebruk \u00e4r ett pappersbruk med en l\u00e5ng och stolt historia. Vi producerar milj\u00f6certifierat papper av v\u00e4rldsledande kvalitet med r\u00e5vara fr\u00e5n ansvarsfullt brukade skogar.<\/strong><\/p>\n<\/div>\n<div>\n<p><b>.<\/b><\/p>\n<\/div>\n<h1>V\u00e5ra produkter<\/h1>\n<div>\n<p>    <img decoding=\"async\" src=\"\/wp-content\/uploads\/2024\/10\/Produkter_1200.jpg\" alt=\"\"><\/p>\n<h2>PRODUKTER<\/h2>\n<div>\n<p>Se alla v\u00e5ra produkter<\/p>\n<\/div>\n<p><a href=\"\/produkter\/\"><\/a><\/p>\n<\/div>\n<h2>Om Hylte Paper<\/h2>\n<div>\n<p>Hylte Paper i Hyltebruk \u00e4r idag ett av v\u00e4rldens st\u00f6rsta pappersbruk med en kapacitet p\u00e5 245 000 ton h\u00f6gkvalitativt papper. Bruket grundades 1907 och har en l\u00e5ng och stolt historia inom pappersindustrin.<\/p>\n<p>Idag \u00e4r bruket en av de mest moderna och milj\u00f6v\u00e4nliga pappersproducenterna i v\u00e4rlden. Pappersbruket har genomg\u00e5tt m\u00e5nga f\u00f6r\u00e4ndringar och moderniseringar under \u00e5ren f\u00f6r att \u00f6ka sin produktivitet och effektivitet. Idag produceras h\u00f6gkvalitativt papper med flera olika egenskaper; Hylte Pocket, Hylte News, Hylte Attract och Hylte Appetite.<\/p>\n<p><span><\/span><span><\/span><\/p>\n<\/div>\n<p><p>\n        <a href=\"\/om-oss\/\">L\u00e4s mer om oss<\/a>\n    <\/p>\n<\/p>\n<h2>En l\u00e5ng stolt historia<\/h2>\n<div>\n<p>1907 p\u00e5b\u00f6rjades bildandet av pappersbruket Hyltebruks AB och tv\u00e5 \u00e5r senare togs det i drift. Runt pappersbruket i Sm\u00e5land v\u00e4xte samh\u00e4llet Hyltebruk fram i takt med att bruket skapade arbetstillf\u00e4llen.<\/p>\n<p>Under de f\u00f6rsta \u00e5ren producerade Hylte Bruk fr\u00e4mst tidningspapper och kartong. Fabriken utvecklades och moderniserades under \u00e5ren, p\u00e5 1920-talet b\u00f6rjade man producera h\u00f6gkvalitativt papper f\u00f6r boktryck och konsttryck.<\/p>\n<p>2023 k\u00f6pte Sweden Timber upp Hylte Bruk fr\u00e5n Stora Enso. Idag har vi en pappersmaskin i drift och \u00e4r ca 270 anst\u00e4llda. Med sin kapacitet p\u00e5 245 000 ton \u00e4r man fortsatt ett av v\u00e4rldens st\u00f6rsta pappersbruk och kommer forts\u00e4tta s\u00e5 fram\u00e5t!<\/p>\n<\/div>\n<p><p>\n        <a href=\"\/om-oss\/\">L\u00e4s mer om v\u00e5r historia<\/a>\n    <\/p>\n<\/p>\n<h2>Jobba hos oss!<\/h2>\n<div>\n<p>Hylte Paper har en stor verksamhet med m\u00e5nga olika arbetsomr\u00e5den. Vi \u00e4r ett h\u00e4rligt team och vi v\u00e4lkomnar alltid nya kompetenta medarbetare. Skicka g\u00e4rna en spontanans\u00f6kan eller s\u00f6k n\u00e5gon av v\u00e5ra lediga tj\u00e4nster just nu!<\/p>\n<\/div>\n<p><p>\n        <a href=\"\/lediga-tjanster\/\">Se v\u00e5ra lediga tj\u00e4nster<\/a>\n    <\/p>\n<\/p>\n<h2>Kontakta oss<\/h2>\n<h3>Hylte Paper<\/h3>\n<div>\n<p>Hylte Paper AB<br \/>Gamla Nissastigen 16<br \/>314 81 Hyltebruk<br \/>Sweden<\/p>\n<\/div>\n<div>+46 (0)10 461 90 00<\/div>\n<p><p>\n        <a href=\"mailto:info@hyltepaper.com\">info@hyltepaper.com<\/a>\n    <\/p>\n<\/p>\n<p><p>\n        <a href=\"https:\/\/hyltepaper.se\/sv\/formular-for-visselblasning-hylte-paper-ab\/\">Visselbl\u00e5sning Hylte Paper AB<\/a>\n    <\/p>\n<\/p>\n<p><!--more--><br \/>\n<!-- {\"type\":\"layout\",\"children\":[{\"type\":\"section\",\"props\":{\"header_transparent\":true,\"header_transparent_noplaceholder\":true,\"height\":\"viewport\",\"height_offset_top\":true,\"height_viewport\":80,\"image\":\"wp-content\\\/uploads\\\/2023\\\/03\\\/iStock-1439131655.jpg\",\"image_effect\":\"parallax\",\"image_loading\":true,\"image_parallax_bgy\":\"-5vh,4vh\",\"image_parallax_easing\":\"1\",\"image_position\":\"center-center\",\"image_size\":\"cover\",\"image_width\":\"2560\",\"media_overlay\":\"rgba(0, 0, 0, 0.2)\",\"padding\":\"xlarge\",\"style\":\"default\",\"text_color\":\"light\",\"title_breakpoint\":\"xl\",\"title_position\":\"top-left\",\"title_rotation\":\"left\",\"vertical_align\":\"middle\",\"video_width\":\"2560\",\"width\":\"xlarge\"},\"children\":[{\"type\":\"row\",\"props\":{\"margin\":\"remove-vertical\"},\"children\":[{\"type\":\"column\",\"props\":{\"image_position\":\"center-center\",\"position_sticky_breakpoint\":\"m\",\"width_medium\":\"1-1\"},\"children\":[{\"type\":\"headline\",\"props\":{\"content\":\"Svensk papperskvalitet sedan 1907\",\"margin_remove_top\":true,\"maxwidth\":\"2xlarge\",\"text_align\":\"left\",\"title_color\":\"secondary\",\"title_element\":\"h1\",\"title_style\":\"heading-medium\"}},{\"type\":\"text\",\"props\":{\"column_breakpoint\":\"m\",\"content\":\"\n\n<p><strong>Hylte Paper ligger i Hyltebruk \\u00e4r ett pappersbruk med en l\\u00e5ng och stolt historia. Vi producerar milj\\u00f6certifierat papper av v\\u00e4rldsledande kvalitet med r\\u00e5vara fr\\u00e5n ansvarsfullt brukade skogar.<\\\/strong><\\\/p>\",\"margin\":\"default\",\"maxwidth\":\"xlarge\"}}]}]}],\"name\":\"Hero\"},{\"type\":\"section\",\"props\":{\"image_position\":\"center-center\",\"style\":\"primary\",\"title_breakpoint\":\"xl\",\"title_position\":\"top-left\",\"title_rotation\":\"left\",\"vertical_align\":\"middle\",\"width\":\"default\"},\"children\":[{\"type\":\"row\",\"children\":[{\"type\":\"column\",\"props\":{\"image_position\":\"center-center\",\"position_sticky_breakpoint\":\"m\"},\"children\":[{\"type\":\"text\",\"props\":{\"column_breakpoint\":\"m\",\"content\":\"\n\n<p><b>.<\\\/b><\\\/p>\",\"margin\":\"default\",\"maxwidth\":\"xlarge\"}}]}]}]},{\"type\":\"section\",\"props\":{\"image_position\":\"center-center\",\"padding\":\"large\",\"status\":\"disabled\",\"style\":\"default\",\"title_breakpoint\":\"xl\",\"title_position\":\"top-left\",\"title_rotation\":\"left\",\"vertical_align\":\"\",\"width\":\"default\"},\"children\":[{\"type\":\"row\",\"props\":{\"margin_remove_bottom\":false},\"children\":[{\"type\":\"column\",\"props\":{\"image_position\":\"center-center\",\"position_sticky_breakpoint\":\"m\"},\"children\":[{\"type\":\"quotation\",\"props\":{\"content\":\"\n\n<p><strong>Hylte Paper ligger i Hyltebruk \\u00e4r ett pappersbruk med en l\\u00e5ng och stolt historia. Vi producerar milj\\u00f6certifierat papper av v\\u00e4rldsledande kvalitet med r\\u00e5vara fr\\u00e5n ansvarsfullt brukade skogar.<\\\/strong><\\\/p>\"}}]}]}],\"name\":\"Kort intro\"},{\"name\":\"produktgrupper\",\"type\":\"section\",\"props\":{\"animation_delay\":false,\"image_position\":\"center-center\",\"padding\":\"large\",\"padding_remove_bottom\":false,\"padding_remove_top\":false,\"style\":\"default\",\"title_breakpoint\":\"s\",\"title_position\":\"top-right\",\"title_rotation\":\"left\",\"vertical_align\":\"\",\"width\":\"\"},\"children\":[{\"type\":\"row\",\"props\":{\"margin_remove_bottom\":false,\"margin_remove_top\":false},\"children\":[{\"type\":\"column\",\"props\":{\"image_position\":\"center-center\",\"position_sticky_breakpoint\":\"m\",\"width_medium\":\"1-1\"},\"children\":[{\"type\":\"headline\",\"props\":{\"content\":\"V\\u00e5ra produkter\",\"margin\":\"medium\",\"text_align\":\"center\",\"title_color\":\"secondary\",\"title_element\":\"h1\"}},{\"type\":\"gallery\",\"props\":{\"animation\":\"none\",\"filter_align\":\"left\",\"filter_all\":true,\"filter_grid_breakpoint\":\"m\",\"filter_grid_width\":\"auto\",\"filter_position\":\"top\",\"filter_style\":\"tab\",\"grid_column_align\":true,\"grid_column_gap\":\"collapse\",\"grid_default\":\"1\",\"grid_medium\":\"1\",\"grid_small\":\"1\",\"image_transition\":\"scale-up\",\"image_width\":\"1200\",\"item_animation\":true,\"lightbox\":false,\"lightbox_bg_close\":true,\"link_style\":\"default\",\"link_text\":\"\",\"margin\":\"\",\"meta_align\":\"below-title\",\"meta_element\":\"div\",\"meta_style\":\"\",\"overlay_hover\":false,\"overlay_link\":true,\"overlay_margin\":\"large\",\"overlay_maxwidth\":\"large\",\"overlay_mode\":\"caption\",\"overlay_padding\":\"large\",\"overlay_position\":\"center\",\"overlay_style\":\"overlay-default\",\"overlay_transition\":\"fade\",\"parallax_easing\":\"1\",\"show_content\":true,\"show_hover_image\":true,\"show_hover_video\":true,\"show_link\":true,\"show_meta\":true,\"show_title\":true,\"text_align\":\"center\",\"text_color\":\"\",\"title_element\":\"h2\",\"title_hover_style\":\"reset\"},\"children\":[{\"type\":\"gallery_item\",\"props\":{\"content\":\"\n\n<p>Se alla v\\u00e5ra produkter<\\\/p>\",\"image\":\"wp-content\\\/uploads\\\/2024\\\/10\\\/Produkter_1200.jpg\",\"link\":\"produkter\\\/\",\"title\":\"PRODUKTER\"}}]}]}]}]},{\"name\":\"orange box \",\"type\":\"section\",\"props\":{\"animation_delay\":false,\"height_viewport\":100,\"image_position\":\"center-center\",\"padding_remove_bottom\":true,\"padding_remove_top\":true,\"style\":\"default\",\"title_breakpoint\":\"xl\",\"title_position\":\"top-left\",\"title_rotation\":\"left\",\"vertical_align\":\"\",\"width\":\"\"},\"children\":[{\"type\":\"row\",\"props\":{\"column_gap\":\"collapse\",\"height\":\"viewport\",\"height_viewport\":85,\"layout\":\"1-2,1-2\",\"margin\":\"remove-vertical\",\"margin_remove_bottom\":true,\"margin_remove_top\":true,\"row_gap\":\"collapse\"},\"children\":[{\"type\":\"column\",\"props\":{\"css\":\".el-column {min-height:300px;}\",\"image\":\"wp-content\\\/uploads\\\/2023\\\/03\\\/Hylte-mindre-hog-scaled.jpg\",\"image_position\":\"top-center\",\"image_size\":\"cover\",\"padding\":\"large\",\"position_sticky_breakpoint\":\"m\",\"style\":\"tile-primary\",\"vertical_align\":\"middle\",\"width_medium\":\"1-2\"}},{\"type\":\"column\",\"props\":{\"image_loading\":false,\"image_position\":\"bottom-center\",\"image_size\":\"cover\",\"order_first\":\"l\",\"padding\":\"large\",\"position_sticky_breakpoint\":\"m\",\"style\":\"tile-primary\",\"vertical_align\":\"middle\",\"width_medium\":\"1-2\"},\"children\":[{\"type\":\"headline\",\"props\":{\"block_align\":\"center\",\"content\":\"Om Hylte Paper\",\"maxwidth\":\"large\",\"title_element\":\"h2\"}},{\"type\":\"text\",\"props\":{\"block_align\":\"center\",\"column_breakpoint\":\"m\",\"content\":\"\n\n<p>Hylte Paper i Hyltebruk \\u00e4r idag ett av v\\u00e4rldens st\\u00f6rsta pappersbruk med en kapacitet p\\u00e5 245 000 ton h\\u00f6gkvalitativt papper. Bruket grundades 1907 och har en l\\u00e5ng och stolt historia inom pappersindustrin.<\\\/p>\\n\n\n<p>Idag \\u00e4r bruket en av de mest moderna och milj\\u00f6v\\u00e4nliga pappersproducenterna i v\\u00e4rlden. Pappersbruket har genomg\\u00e5tt m\\u00e5nga f\\u00f6r\\u00e4ndringar och moderniseringar under \\u00e5ren f\\u00f6r att \\u00f6ka sin produktivitet och effektivitet. Idag produceras h\\u00f6gkvalitativt papper med flera olika egenskaper; Hylte Pocket, Hylte News, Hylte Attract och Hylte Appetite.<\\\/p>\\n\n\n<p><span><\\\/span><span><\\\/span><\\\/p>\",\"margin\":\"\",\"maxwidth\":\"large\"}},{\"type\":\"button\",\"props\":{\"block_align\":\"center\",\"fullwidth\":false,\"grid_column_gap\":\"small\",\"grid_row_gap\":\"small\",\"margin\":\"medium\",\"maxwidth\":\"large\"},\"children\":[{\"type\":\"button_item\",\"props\":{\"button_style\":\"secondary\",\"content\":\"L\\u00e4s mer om oss\",\"dialog_layout\":\"modal\",\"dialog_offcanvas_flip\":true,\"icon_align\":\"left\",\"link\":\"om-oss\\\/\"}}]}]}]}]},{\"name\":\"historia\",\"type\":\"section\",\"props\":{\"animation_delay\":false,\"height_viewport\":100,\"image_position\":\"center-center\",\"padding\":\"large\",\"padding_remove_bottom\":true,\"padding_remove_top\":true,\"style\":\"default\",\"title_breakpoint\":\"xl\",\"title_position\":\"top-left\",\"title_rotation\":\"left\",\"vertical_align\":\"\",\"width\":\"\"},\"children\":[{\"type\":\"row\",\"props\":{\"column_gap\":\"collapse\",\"height\":\"viewport\",\"height_viewport\":90,\"layout\":\"1-2,1-2\",\"margin_remove_bottom\":true,\"margin_remove_top\":true,\"row_gap\":\"collapse\"},\"children\":[{\"type\":\"column\",\"props\":{\"css\":\".el-column {min-height:300px;}\",\"image\":\"wp-content\\\/uploads\\\/2023\\\/03\\\/Gamla-Hylte-1.jpg\",\"image_position\":\"center-right\",\"image_size\":\"cover\",\"padding\":\"large\",\"position_sticky_breakpoint\":\"m\",\"vertical_align\":\"middle\",\"width_medium\":\"1-2\"}},{\"type\":\"column\",\"props\":{\"image_position\":\"center-center\",\"padding\":\"large\",\"position_sticky_breakpoint\":\"m\",\"style\":\"tile-secondary\",\"vertical_align\":\"middle\",\"width_medium\":\"1-2\"},\"children\":[{\"type\":\"headline\",\"props\":{\"block_align\":\"center\",\"content\":\"En l\\u00e5ng stolt historia\",\"maxwidth\":\"large\",\"title_element\":\"h2\"}},{\"type\":\"text\",\"props\":{\"block_align\":\"center\",\"column_breakpoint\":\"m\",\"content\":\"\n\n<p>1907 p\\u00e5b\\u00f6rjades bildandet av pappersbruket Hyltebruks AB och tv\\u00e5 \\u00e5r senare togs det i drift. Runt pappersbruket i Sm\\u00e5land v\\u00e4xte samh\\u00e4llet Hyltebruk fram i takt med att bruket skapade arbetstillf\\u00e4llen.<\\\/p>\\n\n\n<p>Under de f\\u00f6rsta \\u00e5ren producerade Hylte Bruk fr\\u00e4mst tidningspapper och kartong. Fabriken utvecklades och moderniserades under \\u00e5ren, p\\u00e5 1920-talet b\\u00f6rjade man producera h\\u00f6gkvalitativt papper f\\u00f6r boktryck och konsttryck.<\\\/p>\\n\n\n<p>2023 k\\u00f6pte Sweden Timber upp Hylte Bruk fr\\u00e5n Stora Enso. Idag har vi en pappersmaskin i drift och \\u00e4r ca 270 anst\\u00e4llda. Med sin kapacitet p\\u00e5 245 000 ton \\u00e4r man fortsatt ett av v\\u00e4rldens st\\u00f6rsta pappersbruk och kommer forts\\u00e4tta s\\u00e5 fram\\u00e5t!<\\\/p>\",\"margin\":\"\",\"maxwidth\":\"large\"}},{\"type\":\"button\",\"props\":{\"block_align\":\"center\",\"fullwidth\":false,\"grid_column_gap\":\"small\",\"grid_row_gap\":\"small\",\"margin\":\"medium\",\"maxwidth\":\"large\"},\"children\":[{\"type\":\"button_item\",\"props\":{\"button_style\":\"primary\",\"content\":\"L\\u00e4s mer om v\\u00e5r historia\",\"dialog_layout\":\"modal\",\"dialog_offcanvas_flip\":true,\"icon_align\":\"left\",\"link\":\"om-oss\\\/\"}}]}]}]}]},{\"name\":\"jobba hos oss\",\"type\":\"section\",\"props\":{\"animation_delay\":false,\"height_viewport\":100,\"image_position\":\"center-center\",\"padding_remove_bottom\":true,\"padding_remove_top\":true,\"style\":\"default\",\"title_breakpoint\":\"xl\",\"title_position\":\"top-left\",\"title_rotation\":\"left\",\"vertical_align\":\"\",\"width\":\"\"},\"children\":[{\"type\":\"row\",\"props\":{\"column_gap\":\"collapse\",\"height\":\"viewport\",\"height_viewport\":80,\"layout\":\"1-2,1-2\",\"margin_remove_bottom\":false,\"margin_remove_top\":false,\"row_gap\":\"collapse\"},\"children\":[{\"type\":\"column\",\"props\":{\"css\":\".el-column {min-height:300px;}\",\"image\":\"wp-content\\\/uploads\\\/2023\\\/03\\\/iStock-966521024.jpg\",\"image_position\":\"center-center\",\"image_size\":\"cover\",\"padding\":\"large\",\"position_sticky_breakpoint\":\"m\",\"style\":\"tile-primary\",\"vertical_align\":\"middle\",\"width_medium\":\"1-2\"}},{\"type\":\"column\",\"props\":{\"image_loading\":false,\"image_position\":\"bottom-center\",\"image_size\":\"cover\",\"order_first\":\"l\",\"padding\":\"large\",\"position_sticky_breakpoint\":\"m\",\"style\":\"tile-primary\",\"vertical_align\":\"middle\",\"width_medium\":\"1-2\"},\"children\":[{\"type\":\"headline\",\"props\":{\"block_align\":\"center\",\"content\":\"Jobba hos oss!\",\"maxwidth\":\"large\",\"title_element\":\"h2\"}},{\"type\":\"text\",\"props\":{\"block_align\":\"center\",\"column_breakpoint\":\"m\",\"content\":\"\n\n<p>Hylte Paper har en stor verksamhet med m\\u00e5nga olika arbetsomr\\u00e5den. Vi \\u00e4r ett h\\u00e4rligt team och vi v\\u00e4lkomnar alltid nya kompetenta medarbetare. Skicka g\\u00e4rna en spontanans\\u00f6kan eller s\\u00f6k n\\u00e5gon av v\\u00e5ra lediga tj\\u00e4nster just nu!<\\\/p>\",\"margin\":\"\",\"maxwidth\":\"large\"}},{\"type\":\"button\",\"props\":{\"block_align\":\"center\",\"fullwidth\":false,\"grid_column_gap\":\"small\",\"grid_row_gap\":\"small\",\"margin\":\"medium\",\"maxwidth\":\"large\"},\"children\":[{\"type\":\"button_item\",\"props\":{\"button_style\":\"secondary\",\"content\":\"Se v\\u00e5ra lediga tj\\u00e4nster\",\"dialog_layout\":\"modal\",\"dialog_offcanvas_flip\":true,\"icon_align\":\"left\",\"link\":\"lediga-tjanster\\\/\"}}]}]}]}]},{\"name\":\"contact\",\"type\":\"section\",\"props\":{\"id\":\"location\",\"image\":\"wp-content\\\/uploads\\\/2023\\\/03\\\/karta-cd7c2cc1-kopia.jpg\",\"image_effect\":\"parallax\",\"image_parallax_bgx\":\"150,150\",\"image_parallax_bgy\":\"-100,100\",\"image_parallax_easing\":\"1\",\"image_position\":\"center-right\",\"media_background\":\"#FFFFFF\",\"media_visibility\":\"l\",\"padding\":\"large\",\"padding_remove_bottom\":false,\"padding_remove_top\":false,\"style\":\"muted\",\"title_breakpoint\":\"xl\",\"title_position\":\"top-left\",\"title_rotation\":\"left\",\"vertical_align\":\"\",\"width\":\"xlarge\"},\"children\":[{\"type\":\"row\",\"props\":{\"layout\":\"2-3,1-3\"},\"children\":[{\"type\":\"column\",\"props\":{\"image_position\":\"center-center\",\"position_sticky_breakpoint\":\"m\",\"width_medium\":\"2-3\"},\"children\":[{\"type\":\"headline\",\"props\":{\"animation\":\"parallax\",\"content\":\"Kontakta oss\",\"margin_remove_top\":false,\"parallax_breakpoint\":\"m\",\"parallax_easing\":\"1\",\"parallax_end\":\"70vh + 70%\",\"parallax_opacity\":\"0,1\",\"text_align\":\"left\",\"text_align_breakpoint\":\"m\",\"text_align_fallback\":\"center\",\"title_element\":\"h2\",\"title_style\":\"heading-small\"}},{\"type\":\"headline\",\"props\":{\"animation\":\"parallax\",\"content\":\"Hylte Paper\",\"parallax_easing\":\"1\",\"parallax_end\":\"70vh + 70%\",\"parallax_opacity\":\"0,1\",\"parallax_y\":\"20,0\",\"text_align\":\"left\",\"text_align_breakpoint\":\"m\",\"text_align_fallback\":\"center\",\"title_element\":\"h3\"}},{\"type\":\"text\",\"props\":{\"animation\":\"parallax\",\"column_breakpoint\":\"m\",\"content\":\"\n\n<p>Hylte Paper AB<br \\\/>Gamla Nissastigen 16<br \\\/>314 81 Hyltebruk<br \\\/>Sweden<\\\/p>\",\"margin\":\"default\",\"parallax_easing\":\"1\",\"parallax_end\":\"70vh + 70%\",\"parallax_opacity\":\"0,1\",\"parallax_y\":\"20,0\",\"text_align\":\"left\",\"text_align_breakpoint\":\"m\",\"text_align_fallback\":\"center\"}},{\"type\":\"headline\",\"props\":{\"animation\":\"parallax\",\"content\":\"+46 (0)10 461 90 00\",\"margin\":\"remove-vertical\",\"parallax_easing\":\"1\",\"parallax_end\":\"70vh + 70%\",\"parallax_opacity\":\"0,1\",\"parallax_y\":\"20,0\",\"text_align\":\"left\",\"text_align_breakpoint\":\"m\",\"text_align_fallback\":\"center\",\"title_element\":\"div\",\"title_style\":\"h4\"}},{\"type\":\"button\",\"props\":{\"animation\":\"parallax\",\"grid_column_gap\":\"small\",\"grid_row_gap\":\"small\",\"margin\":\"remove-vertical\",\"parallax_easing\":\"1\",\"parallax_end\":\"70vh + 70%\",\"parallax_opacity\":\"0,1\",\"parallax_y\":\"20,0\",\"text_align\":\"left\",\"text_align_breakpoint\":\"m\",\"text_align_fallback\":\"center\"},\"children\":[{\"type\":\"button_item\",\"props\":{\"button_style\":\"\",\"content\":\"info@hyltepaper.com\",\"dialog_layout\":\"modal\",\"dialog_offcanvas_flip\":true,\"icon_align\":\"left\",\"link\":\"mailto:info@hyltepaper.com\"}}]},{\"type\":\"button\",\"props\":{\"animation\":\"parallax\",\"grid_column_gap\":\"small\",\"grid_row_gap\":\"small\",\"margin\":\"remove-vertical\",\"parallax_easing\":\"1\",\"parallax_end\":\"70vh + 70%\",\"parallax_opacity\":\"0,1\",\"parallax_y\":\"20,0\",\"text_align\":\"left\",\"text_align_breakpoint\":\"m\",\"text_align_fallback\":\"center\"},\"children\":[{\"type\":\"button_item\",\"props\":{\"button_style\":\"\",\"content\":\"Visselbl\\u00e5sning Hylte Paper AB\",\"dialog_layout\":\"modal\",\"dialog_offcanvas_flip\":true,\"icon_align\":\"left\",\"link\":\"https:\\\/\\\/hyltepaper.se\\\/sv\\\/formular-for-visselblasning-hylte-paper-ab\\\/\"}}]}]},{\"type\":\"column\",\"props\":{\"image_position\":\"center-center\",\"image_size\":\"height-1-1\",\"position_sticky_breakpoint\":\"m\",\"width_medium\":\"1-3\"}}]}]},{\"type\":\"section\",\"props\":{\"height\":\"viewport\",\"height_viewport\":70,\"image\":\"wp-content\\\/uploads\\\/2023\\\/03\\\/Industri-Stora-Enso-2-1-scaled.jpg\",\"image_position\":\"center-center\",\"image_size\":\"cover\",\"padding_remove_bottom\":true,\"padding_remove_top\":true,\"style\":\"default\",\"title_breakpoint\":\"xl\",\"title_position\":\"top-left\",\"title_rotation\":\"left\",\"vertical_align\":\"middle\",\"width\":\"default\"},\"children\":[{\"type\":\"row\",\"children\":[{\"type\":\"column\",\"props\":{\"image_position\":\"center-center\",\"position_sticky_breakpoint\":\"m\"}}]}],\"name\":\"bild\"}],\"version\":\"4.5.9\"} --><\/p>\n","protected":false},"excerpt":{"rendered":"<p>Svensk papperskvalitet sedan 1907 Hylte Paper ligger i Hyltebruk \u00e4r ett pappersbruk med en l\u00e5ng och stolt historia. Vi producerar milj\u00f6certifierat papper av v\u00e4rldsledande kvalitet med r\u00e5vara fr\u00e5n ansvarsfullt brukade skogar. . V\u00e5ra produkter PRODUKTER Se alla v\u00e5ra produkter Om Hylte Paper Hylte Paper i Hyltebruk \u00e4r idag ett av v\u00e4rldens st\u00f6rsta pappersbruk med en [&hellip;]<\/p>\n","protected":false},"author":1,"featured_media":0,"parent":0,"menu_order":0,"comment_status":"closed","ping_status":"closed","template":"","meta":{"footnotes":""},"class_list":["post-65","page","type-page","status-publish","hentry"],"jetpack_sharing_enabled":true,"_links":{"self":[{"href":"https:\/\/hyltepaper.se\/sv\/wp-json\/wp\/v2\/pages\/65","targetHints":{"allow":["GET"]}}],"collection":[{"href":"https:\/\/hyltepaper.se\/sv\/wp-json\/wp\/v2\/pages"}],"about":[{"href":"https:\/\/hyltepaper.se\/sv\/wp-json\/wp\/v2\/types\/page"}],"author":[{"embeddable":true,"href":"https:\/\/hyltepaper.se\/sv\/wp-json\/wp\/v2\/users\/1"}],"replies":[{"embeddable":true,"href":"https:\/\/hyltepaper.se\/sv\/wp-json\/wp\/v2\/comments?post=65"}],"version-history":[{"count":240,"href":"https:\/\/hyltepaper.se\/sv\/wp-json\/wp\/v2\/pages\/65\/revisions"}],"predecessor-version":[{"id":1535,"href":"https:\/\/hyltepaper.se\/sv\/wp-json\/wp\/v2\/pages\/65\/revisions\/1535"}],"wp:attachment":[{"href":"https:\/\/hyltepaper.se\/sv\/wp-json\/wp\/v2\/media?parent=65"}],"curies":[{"name":"wp","href":"https:\/\/api.w.org\/{rel}","templated":true}]}}