{"id":988,"date":"2023-05-11T11:34:35","date_gmt":"2023-05-11T09:34:35","guid":{"rendered":"https:\/\/hyltepaper.se\/?page_id=988"},"modified":"2026-02-09T07:38:34","modified_gmt":"2026-02-09T06:38:34","slug":"hylte-bok","status":"publish","type":"page","link":"https:\/\/hyltepaper.se\/sv\/hylte-bok\/","title":{"rendered":"Hylte Bok"},"content":{"rendered":"<h1>Hylte Bok<\/h1>\n<h1>F\u00f6r bokpapper, pocketb\u00f6cker, pysselb\u00f6cker, utbildningsmaterial, kalendrar och mycket mera.<\/h1>\n<blockquote>\n<p>Hylte Bok \u00e4r ett h\u00f6gkvalitativt papper som anv\u00e4nds fr\u00e4mst f\u00f6r att trycka pocketb\u00f6cker<\/p>\n<\/blockquote>\n<h2>Om Hylte Bok<\/h2>\n<ul>\n<li>\n<div>\n<p>Enast\u00e5ende k\u00f6rbarhet<\/p>\n<\/div>\n<\/li>\n<li>\n<div>\n<p>Tillverkad av 100% termomekanisk massa.<\/p>\n<\/div>\n<\/li>\n<li>\n<div>\n<p>H\u00f6g l\u00e4sbarhet<\/p>\n<\/div>\n<\/li>\n<\/ul>\n<ul>\n<li>\n<p>\n        <a href=\"\/wp-content\/uploads\/2026\/01\/produktblad-pocket-1.pdf\">Produktblad Hylte Pocket<\/a>\n    <\/p>\n<\/li>\n<li>\n<p>\n        <a href=\"\/wp-content\/uploads\/2026\/01\/produktblad-pocket-creamy.pdf\">Produktblad Hylte Pocket Creamy<\/a>\n    <\/p>\n<\/li>\n<li>\n<p>\n        <a href=\"\/wp-content\/uploads\/2026\/01\/produktblad-Book-Creamy-Bulk-2.0.pdf\">Produktblad Hylte Book Creamy Bulk-2.0<\/a>\n    <\/p>\n<\/li>\n<li>\n<p>\n        <a href=\"https:\/\/hyltepaper.se\/wp-content\/uploads\/2026\/02\/produktblad-Book-White-Bulk-2.0.pdf\">Produktblad Hylte Book White Bulk 2.0<\/a>\n    <\/p>\n<\/li>\n<\/ul>\n<h2>Anv\u00e4ndningsomr\u00e5den<\/h2>\n<ul>\n<li>\n<div>\n<p>Pocketb\u00f6cker<\/p>\n<\/div>\n<\/li>\n<li>\n<div>\n<p>Avrivningskalendrar<\/p>\n<\/div>\n<\/li>\n<li>\n<div>\n<p>Pysselb\u00f6cker<\/p>\n<\/div>\n<\/li>\n<\/ul>\n<h2>Certifierat enligt ECO label<\/h2>\n<div>\n<p>Hylte Paper \u00e4r certifierat enligt ECO label. <span><span class=\"ui-provider a b c d e f g h i j k l m n o p q r s t u v w x y z ab ac ae af ag ah ai aj ak\" dir=\"ltr\">EU Ecolabel \u00e4r EU:s officiella milj\u00f6m\u00e4rke. Milj\u00f6m\u00e4rkning Sverige AB ansvarar f\u00f6r EU Ecolabel i Sverige. Produkterna granskas ur ett livscykelperspektiv fr\u00e5n r\u00e5vara till avfall. Produkterna ska uppfylla str\u00e4nga milj\u00f6-, funktions- och kvalitetskrav.<\/span><\/span><\/p>\n<\/div>\n<p><p>\n        <a href=\"\/wp-content\/uploads\/2023\/08\/NOR-2599-v.1.0-Policy-for-hallbar-vedravara.pdf\">Policy f\u00f6r h\u00e5llbar vedr\u00e5vara<\/a>\n    <\/p>\n<\/p>\n<h2><a href=\"#\">Vill du g\u00f6ra en best\u00e4llning?<\/a><\/h2>\n<h3>Kontakta v\u00e5r s\u00e4ljavdelning<\/h3>\n<hr>\n<p><p>\n        <a href=\"mailto:sales@hyltepaper.com\">sales@hyltepaper.com<\/a>\n    <\/p>\n<\/p>\n<p><!--more--><br \/>\n<!-- {\"type\":\"layout\",\"children\":[{\"type\":\"section\",\"props\":{\"header_transparent\":true,\"header_transparent_noplaceholder\":true,\"height\":\"viewport\",\"height_viewport\":50,\"image\":\"wp-content\/uploads\/2023\/05\/iStock-1402450036.jpg\",\"image_effect\":\"parallax\",\"image_loading\":true,\"image_parallax_bgy\":\"-5vh,4vh\",\"image_parallax_easing\":\"1\",\"image_position\":\"center-center\",\"image_size\":\"cover\",\"image_width\":\"2560\",\"padding_bottom\":\"large\",\"padding_top\":\"large\",\"style\":\"default\",\"text_color\":\"light\",\"title_breakpoint\":\"xl\",\"title_position\":\"top-left\",\"title_rotation\":\"left\",\"vertical_align\":\"middle\",\"width\":\"large\"},\"children\":[{\"type\":\"row\",\"props\":{\"margin_bottom\":\"remove\",\"margin_top\":\"remove\"},\"children\":[{\"type\":\"column\",\"props\":{\"image_position\":\"center-center\",\"position_sticky_breakpoint\":\"m\",\"width_medium\":\"1-1\"},\"children\":[{\"type\":\"headline\",\"props\":{\"block_align\":\"center\",\"content\":\"Hylte Bok\",\"image_align\":\"left\",\"image_margin\":\"xsmall\",\"margin_top\":\"remove\",\"maxwidth\":\"2xlarge\",\"text_align\":\"center\",\"title_element\":\"h1\",\"title_style\":\"heading-medium\"}},{\"type\":\"headline\",\"props\":{\"block_align\":\"center\",\"content\":\"F\u00f6r bokpapper, pocketb\u00f6cker, pysselb\u00f6cker, utbildningsmaterial, kalendrar och mycket mera.\",\"image_align\":\"left\",\"image_margin\":\"xsmall\",\"margin_top\":\"remove\",\"maxwidth\":\"2xlarge\",\"text_align\":\"center\",\"title_element\":\"h1\",\"title_style\":\"h2\"}}]}]}],\"name\":\"hero undersida papper\"},{\"type\":\"section\",\"props\":{\"image_position\":\"center-center\",\"padding_bottom\":\"large\",\"padding_top\":\"large\",\"style\":\"default\",\"title_breakpoint\":\"xl\",\"title_position\":\"top-left\",\"title_rotation\":\"left\",\"vertical_align\":\"\",\"width\":\"default\"},\"children\":[{\"type\":\"row\",\"children\":[{\"type\":\"column\",\"props\":{\"image_position\":\"center-center\",\"position_sticky_breakpoint\":\"m\"},\"children\":[{\"type\":\"quotation\",\"props\":{\"content\":\"\n\n<p>Hylte Bok \u00e4r ett h\u00f6gkvalitativt papper som anv\u00e4nds fr\u00e4mst f\u00f6r att trycka pocketb\u00f6cker<\/p>\n\n\",\"text_align\":\"center\"}}]}]}],\"name\":\"intro papper\"},{\"name\":\"om hylte attract\",\"type\":\"section\",\"props\":{\"animation_delay\":false,\"image_position\":\"center-center\",\"padding_bottom\":\"none\",\"padding_top\":\"none\",\"style\":\"default\",\"title_breakpoint\":\"xl\",\"title_position\":\"top-left\",\"title_rotation\":\"left\",\"vertical_align\":\"\",\"width\":\"\"},\"children\":[{\"type\":\"row\",\"props\":{\"column_gap\":\"collapse\",\"height\":\"viewport\",\"height_viewport\":80,\"layout\":\"1-2,1-2\",\"row_gap\":\"collapse\"},\"children\":[{\"type\":\"column\",\"props\":{\"image\":\"wp-content\/uploads\/2023\/05\/iStock-1224155970-scaled.jpg\",\"image_position\":\"center-center\",\"image_size\":\"cover\",\"padding\":\"large\",\"position_sticky_breakpoint\":\"m\",\"style\":\"tile-primary\",\"vertical_align\":\"middle\",\"width_medium\":\"1-2\"}},{\"type\":\"column\",\"props\":{\"image_loading\":false,\"image_position\":\"bottom-center\",\"image_size\":\"cover\",\"order_first\":\"l\",\"padding\":\"large\",\"position_sticky_breakpoint\":\"m\",\"style\":\"tile-primary\",\"vertical_align\":\"middle\",\"width_medium\":\"1-2\"},\"children\":[{\"type\":\"headline\",\"props\":{\"block_align\":\"center\",\"content\":\"Om Hylte Bok\",\"image_align\":\"left\",\"image_margin\":\"xsmall\",\"maxwidth\":\"large\",\"title_element\":\"h2\"}},{\"type\":\"list\",\"props\":{\"block_align\":\"center\",\"column_breakpoint\":\"m\",\"content_style\":\"h5\",\"icon\":\"arrow-right\",\"image_align\":\"left\",\"image_svg_color\":\"emphasis\",\"image_vertical_align\":false,\"link_style\":\"muted\",\"list_element\":\"ul\",\"list_horizontal_separator\":\", \",\"list_style\":\"divider\",\"list_type\":\"vertical\",\"maxwidth\":\"large\",\"position_left\":\"73\",\"show_image\":true,\"show_link\":true,\"text_align\":\"left\"},\"children\":[{\"type\":\"list_item\",\"props\":{\"content\":\"\n\n<p>Enast\u00e5ende k\u00f6rbarhet<\/p>\n\n\"}},{\"type\":\"list_item\",\"props\":{\"content\":\"\n\n<p>Tillverkad av 100% termomekanisk massa.<\/p>\n\n\"}},{\"type\":\"list_item\",\"props\":{\"content\":\"\n\n<p>H\u00f6g l\u00e4sbarhet<\/p>\n\n\"}}]},{\"type\":\"button\",\"props\":{\"block_align\":\"center\",\"fullwidth\":false,\"grid_column_gap\":\"small\",\"grid_row_gap\":\"small\",\"margin_bottom\":\"medium\",\"margin_top\":\"medium\",\"maxwidth\":\"large\"},\"children\":[{\"type\":\"button_item\",\"props\":{\"button_style\":\"secondary\",\"content\":\"Produktblad Hylte Pocket\",\"dialog_layout\":\"modal\",\"dialog_offcanvas_flip\":true,\"icon_align\":\"left\",\"link\":\"wp-content\/uploads\/2026\/01\/produktblad-pocket-1.pdf\",\"link_target\":true}},{\"type\":\"button_item\",\"props\":{\"button_style\":\"secondary\",\"content\":\"Produktblad Hylte Pocket Creamy\",\"dialog_layout\":\"modal\",\"dialog_offcanvas_flip\":true,\"icon_align\":\"left\",\"link\":\"wp-content\/uploads\/2026\/01\/produktblad-pocket-creamy.pdf\",\"link_target\":true}},{\"type\":\"button_item\",\"props\":{\"button_style\":\"secondary\",\"content\":\"Produktblad Hylte Book Creamy Bulk-2.0\",\"dialog_layout\":\"modal\",\"dialog_offcanvas_flip\":true,\"icon_align\":\"left\",\"link\":\"wp-content\/uploads\/2026\/01\/produktblad-Book-Creamy-Bulk-2.0.pdf\",\"link_target\":true}},{\"type\":\"button_item\",\"props\":{\"button_style\":\"secondary\",\"content\":\"Produktblad Hylte Book White Bulk 2.0\",\"dialog_layout\":\"modal\",\"dialog_offcanvas_flip\":true,\"icon_align\":\"left\",\"link\":\"https:\/\/hyltepaper.se\/wp-content\/uploads\/2026\/02\/produktblad-Book-White-Bulk-2.0.pdf\",\"link_target\":true}}]}]}]}]},{\"name\":\"anv omr\u00e5den\",\"type\":\"section\",\"props\":{\"animation_delay\":false,\"image_position\":\"center-center\",\"padding_bottom\":\"none\",\"padding_top\":\"none\",\"style\":\"default\",\"title_breakpoint\":\"xl\",\"title_position\":\"top-left\",\"title_rotation\":\"left\",\"vertical_align\":\"\",\"width\":\"\"},\"children\":[{\"type\":\"row\",\"props\":{\"column_gap\":\"collapse\",\"height\":\"viewport\",\"height_viewport\":80,\"layout\":\"1-2,1-2\",\"row_gap\":\"small\"},\"children\":[{\"type\":\"column\",\"props\":{\"image\":\"wp-content\/uploads\/2023\/05\/pexels-marta-wave-6453489-scaled.jpg\",\"image_position\":\"bottom-left\",\"image_size\":\"cover\",\"padding\":\"large\",\"position_sticky_breakpoint\":\"m\",\"vertical_align\":\"middle\",\"width_medium\":\"1-2\"}},{\"type\":\"column\",\"props\":{\"image_position\":\"center-center\",\"padding\":\"large\",\"position_sticky_breakpoint\":\"m\",\"style\":\"tile-secondary\",\"vertical_align\":\"middle\",\"width_medium\":\"1-2\"},\"children\":[{\"type\":\"headline\",\"props\":{\"block_align\":\"center\",\"content\":\"Anv\u00e4ndningsomr\u00e5den\",\"image_align\":\"left\",\"image_margin\":\"xsmall\",\"maxwidth\":\"large\",\"title_element\":\"h2\"}},{\"type\":\"list\",\"props\":{\"block_align\":\"center\",\"column_breakpoint\":\"m\",\"content_style\":\"h4\",\"icon\":\"arrow-right\",\"image_align\":\"left\",\"image_svg_color\":\"emphasis\",\"image_vertical_align\":false,\"link_style\":\"muted\",\"list_element\":\"ul\",\"list_horizontal_separator\":\", \",\"list_style\":\"divider\",\"list_type\":\"vertical\",\"maxwidth\":\"large\",\"position_left\":\"73\",\"show_image\":true,\"show_link\":true,\"text_align\":\"left\"},\"children\":[{\"type\":\"list_item\",\"props\":{\"content\":\"\n\n<p>Pocketb\u00f6cker<\/p>\n\n\"}},{\"type\":\"list_item\",\"props\":{\"content\":\"\n\n<p>Avrivningskalendrar<\/p>\n\n\"}},{\"type\":\"list_item\",\"props\":{\"content\":\"\n\n<p>Pysselb\u00f6cker<\/p>\n\n\"}}]}]}]}]},{\"name\":\"h\u00e5llbart\",\"type\":\"section\",\"props\":{\"animation_delay\":false,\"image_position\":\"center-center\",\"padding_bottom\":\"none\",\"padding_top\":\"none\",\"style\":\"default\",\"title_breakpoint\":\"xl\",\"title_position\":\"top-left\",\"title_rotation\":\"left\",\"vertical_align\":\"\",\"width\":\"\"},\"children\":[{\"type\":\"row\",\"props\":{\"column_gap\":\"collapse\",\"height\":\"viewport\",\"height_viewport\":80,\"layout\":\"1-2,1-2\",\"row_gap\":\"collapse\"},\"children\":[{\"type\":\"column\",\"props\":{\"image\":\"wp-content\/uploads\/2023\/08\/skog.jpg\",\"image_position\":\"center-right\",\"image_size\":\"cover\",\"padding\":\"large\",\"position_sticky_breakpoint\":\"m\",\"vertical_align\":\"middle\",\"width_medium\":\"1-2\"}},{\"type\":\"column\",\"props\":{\"image_position\":\"center-center\",\"order_first\":\"l\",\"padding\":\"large\",\"position_sticky_breakpoint\":\"m\",\"style\":\"tile-muted\",\"vertical_align\":\"middle\",\"width_medium\":\"1-2\"},\"children\":[{\"type\":\"headline\",\"props\":{\"block_align\":\"center\",\"content\":\"Certifierat enligt ECO label\",\"image_align\":\"left\",\"image_margin\":\"xsmall\",\"maxwidth\":\"large\",\"title_element\":\"h2\"}},{\"type\":\"text\",\"props\":{\"block_align\":\"center\",\"column_breakpoint\":\"m\",\"content\":\"\n\n<p>Hylte Paper \u00e4r certifierat enligt ECO label. <span><span class=\\\"ui-provider a b c d e f g h i j k l m n o p q r s t u v w x y z ab ac ae af ag ah ai aj ak\\\" dir=\\\"ltr\\\">EU Ecolabel \u00e4r EU:s officiella milj\u00f6m\u00e4rke. Milj\u00f6m\u00e4rkning Sverige AB ansvarar f\u00f6r EU Ecolabel i Sverige. Produkterna granskas ur ett livscykelperspektiv fr\u00e5n r\u00e5vara till avfall. Produkterna ska uppfylla str\u00e4nga milj\u00f6-, funktions- och kvalitetskrav.<\/span><\/span><\/p>\n\n\",\"margin_bottom\":\"\",\"margin_top\":\"\",\"maxwidth\":\"large\"}},{\"type\":\"button\",\"props\":{\"block_align\":\"center\",\"fullwidth\":false,\"grid_column_gap\":\"small\",\"grid_row_gap\":\"small\",\"margin_bottom\":\"medium\",\"margin_top\":\"medium\",\"maxwidth\":\"large\"},\"children\":[{\"type\":\"button_item\",\"props\":{\"button_style\":\"secondary\",\"content\":\"Policy f\u00f6r h\u00e5llbar vedr\u00e5vara\",\"dialog_layout\":\"modal\",\"dialog_offcanvas_flip\":true,\"icon_align\":\"left\",\"link\":\"wp-content\/uploads\/2023\/08\/NOR-2599-v.1.0-Policy-for-hallbar-vedravara.pdf\",\"link_target\":true}}]}]}]}]},{\"name\":\"best\u00e4llning \",\"type\":\"section\",\"props\":{\"id\":\"location\",\"image_effect\":\"parallax\",\"image_parallax_bgx\":\"150,150\",\"image_parallax_bgy\":\"-100,100\",\"image_parallax_easing\":\"1\",\"image_position\":\"center-right\",\"padding_bottom\":\"large\",\"padding_top\":\"large\",\"style\":\"primary\",\"title_breakpoint\":\"xl\",\"title_position\":\"top-left\",\"title_rotation\":\"left\",\"vertical_align\":\"\",\"width\":\"large\"},\"children\":[{\"type\":\"row\",\"children\":[{\"type\":\"column\",\"props\":{\"image_position\":\"center-center\",\"position_sticky_breakpoint\":\"m\"},\"children\":[{\"type\":\"headline\",\"props\":{\"animation\":\"none\",\"content\":\"Vill du g\u00f6ra en best\u00e4llning?\",\"image_align\":\"left\",\"image_margin\":\"xsmall\",\"link\":\"#\",\"link_style\":false,\"parallax_breakpoint\":\"m\",\"parallax_easing\":\"1\",\"parallax_end\":\"70vh + 70%\",\"parallax_opacity\":\"0,1\",\"text_align\":\"center\",\"text_align_breakpoint\":\"m\",\"text_align_fallback\":\"center\",\"title_color\":\"secondary\",\"title_element\":\"h2\",\"title_style\":\"heading-small\"}},{\"type\":\"headline\",\"props\":{\"animation\":\"none\",\"content\":\"Kontakta v\u00e5r s\u00e4ljavdelning\",\"image_align\":\"left\",\"image_margin\":\"xsmall\",\"parallax_easing\":\"1\",\"parallax_end\":\"70vh + 70%\",\"parallax_opacity\":\"0,1\",\"parallax_y\":\"20,0\",\"text_align\":\"center\",\"text_align_breakpoint\":\"m\",\"text_align_fallback\":\"center\",\"title_element\":\"h3\"}},{\"type\":\"divider\",\"props\":{\"divider_element\":\"hr\"}},{\"type\":\"button\",\"props\":{\"animation\":\"none\",\"grid_column_gap\":\"small\",\"grid_row_gap\":\"small\",\"margin_bottom\":\"remove\",\"margin_top\":\"remove\",\"parallax_easing\":\"1\",\"parallax_end\":\"70vh + 70%\",\"parallax_opacity\":\"0,1\",\"parallax_y\":\"20,0\",\"text_align\":\"center\",\"text_align_breakpoint\":\"m\",\"text_align_fallback\":\"center\"},\"children\":[{\"type\":\"button_item\",\"props\":{\"button_style\":\"secondary\",\"content\":\"sales@hyltepaper.com\",\"dialog_layout\":\"modal\",\"dialog_offcanvas_flip\":true,\"icon_align\":\"left\",\"link\":\"mailto:sales@hyltepaper.com\"}}]}]}]}]},{\"type\":\"section\",\"props\":{\"height\":\"viewport\",\"height_viewport\":70,\"image\":\"wp-content\/uploads\/2023\/03\/Hylte-kva\u2560ell-2-scaled.jpg\",\"image_position\":\"center-center\",\"padding_bottom\":\"none\",\"padding_top\":\"none\",\"style\":\"default\",\"title_breakpoint\":\"xl\",\"title_position\":\"top-left\",\"title_rotation\":\"left\",\"vertical_align\":\"middle\",\"width\":\"default\"},\"children\":[{\"type\":\"row\",\"children\":[{\"type\":\"column\",\"props\":{\"image_position\":\"center-center\",\"position_sticky_breakpoint\":\"m\"}}]}],\"name\":\"bild\"}],\"version\":\"5.0.12\"} --><\/p>\n","protected":false},"excerpt":{"rendered":"<p>Hylte Bok F\u00f6r bokpapper, pocketb\u00f6cker, pysselb\u00f6cker, utbildningsmaterial, kalendrar och mycket mera. Hylte Bok \u00e4r ett h\u00f6gkvalitativt papper som anv\u00e4nds fr\u00e4mst f\u00f6r att trycka pocketb\u00f6cker Om Hylte Bok Enast\u00e5ende k\u00f6rbarhet Tillverkad av 100% termomekanisk massa. H\u00f6g l\u00e4sbarhet Produktblad Hylte Pocket Produktblad Hylte Pocket Creamy Produktblad Hylte Book Creamy Bulk-2.0 Produktblad Hylte Book White Bulk 2.0 Anv\u00e4ndningsomr\u00e5den [&hellip;]<\/p>\n","protected":false},"author":1,"featured_media":0,"parent":0,"menu_order":0,"comment_status":"closed","ping_status":"closed","template":"","meta":{"footnotes":""},"class_list":["post-988","page","type-page","status-publish","hentry"],"jetpack_sharing_enabled":true,"_links":{"self":[{"href":"https:\/\/hyltepaper.se\/sv\/wp-json\/wp\/v2\/pages\/988","targetHints":{"allow":["GET"]}}],"collection":[{"href":"https:\/\/hyltepaper.se\/sv\/wp-json\/wp\/v2\/pages"}],"about":[{"href":"https:\/\/hyltepaper.se\/sv\/wp-json\/wp\/v2\/types\/page"}],"author":[{"embeddable":true,"href":"https:\/\/hyltepaper.se\/sv\/wp-json\/wp\/v2\/users\/1"}],"replies":[{"embeddable":true,"href":"https:\/\/hyltepaper.se\/sv\/wp-json\/wp\/v2\/comments?post=988"}],"version-history":[{"count":48,"href":"https:\/\/hyltepaper.se\/sv\/wp-json\/wp\/v2\/pages\/988\/revisions"}],"predecessor-version":[{"id":1604,"href":"https:\/\/hyltepaper.se\/sv\/wp-json\/wp\/v2\/pages\/988\/revisions\/1604"}],"wp:attachment":[{"href":"https:\/\/hyltepaper.se\/sv\/wp-json\/wp\/v2\/media?parent=988"}],"curies":[{"name":"wp","href":"https:\/\/api.w.org\/{rel}","templated":true}]}}